{"id":802,"date":"2026-02-17T11:45:22","date_gmt":"2026-02-17T11:45:22","guid":{"rendered":"https:\/\/www.mba-travel.com\/politica-de-privacidade\/"},"modified":"2026-02-18T09:44:19","modified_gmt":"2026-02-18T09:44:19","slug":"politica-de-privacidade","status":"publish","type":"page","link":"https:\/\/www.mba-travel.com\/pt-pt\/politica-de-privacidade\/","title":{"rendered":"Politica de Privacidade"},"content":{"rendered":"\t\t<div data-elementor-type=\"wp-page\" data-elementor-id=\"802\" class=\"elementor elementor-802 elementor-270\">\n\t\t\t\t\t\t<div class=\"elementor-inner\">\n\t\t\t\t<div class=\"elementor-section-wrap\">\n\t\t\t\t\t\t\t\t\t<section class=\"elementor-section elementor-top-section elementor-element elementor-element-05c05a3 elementor-section-height-min-height elementor-section-items-bottom elementor-section-boxed elementor-section-height-default\" data-id=\"05c05a3\" data-element_type=\"section\" data-settings=\"{&quot;background_background&quot;:&quot;classic&quot;}\">\n\t\t\t\t\t\t\t<div class=\"elementor-background-overlay\"><\/div>\n\t\t\t\t\t\t\t<div class=\"elementor-container elementor-column-gap-default\">\n\t\t\t\t\t\t\t<div class=\"elementor-row\">\n\t\t\t\t\t<div class=\"elementor-column elementor-col-100 elementor-top-column elementor-element elementor-element-237221c\" data-id=\"237221c\" data-element_type=\"column\">\n\t\t\t<div class=\"elementor-column-wrap elementor-element-populated\">\n\t\t\t\t\t\t\t<div class=\"elementor-widget-wrap\">\n\t\t\t\t\t\t<div class=\"elementor-element elementor-element-c4cc9bc elementor-widget elementor-widget-heading\" data-id=\"c4cc9bc\" data-element_type=\"widget\" data-widget_type=\"heading.default\">\n\t\t\t\t<div class=\"elementor-widget-container\">\n\t\t\t<h2 class=\"elementor-heading-title elementor-size-default\">Politica de Privacidade<\/h2>\t\t<\/div>\n\t\t\t\t<\/div>\n\t\t\t\t\t\t<\/div>\n\t\t\t\t\t<\/div>\n\t\t<\/div>\n\t\t\t\t\t\t\t\t<\/div>\n\t\t\t\t\t<\/div>\n\t\t<\/section>\n\t\t\t\t<section class=\"elementor-section elementor-top-section elementor-element elementor-element-85626c4 elementor-section-boxed elementor-section-height-default elementor-section-height-default\" data-id=\"85626c4\" data-element_type=\"section\">\n\t\t\t\t\t\t<div class=\"elementor-container elementor-column-gap-default\">\n\t\t\t\t\t\t\t<div class=\"elementor-row\">\n\t\t\t\t\t<div class=\"elementor-column elementor-col-100 elementor-top-column elementor-element elementor-element-ba1b56b\" data-id=\"ba1b56b\" data-element_type=\"column\">\n\t\t\t<div class=\"elementor-column-wrap elementor-element-populated\">\n\t\t\t\t\t\t\t<div class=\"elementor-widget-wrap\">\n\t\t\t\t\t\t<div class=\"elementor-element elementor-element-dabdf9c elementor-widget elementor-widget-heading\" data-id=\"dabdf9c\" data-element_type=\"widget\" data-widget_type=\"heading.default\">\n\t\t\t\t<div class=\"elementor-widget-container\">\n\t\t\t<h2 class=\"elementor-heading-title elementor-size-default\">Utilizamos Cookies<\/h2>\t\t<\/div>\n\t\t\t\t<\/div>\n\t\t\t\t<div class=\"elementor-element elementor-element-84737dc elementor-widget-divider--view-line_icon elementor-view-default elementor-widget-divider--element-align-center elementor-widget elementor-widget-divider\" data-id=\"84737dc\" data-element_type=\"widget\" data-widget_type=\"divider.default\">\n\t\t\t\t<div class=\"elementor-widget-container\">\n\t\t\t\t\t<div class=\"elementor-divider\">\n\t\t\t<span class=\"elementor-divider-separator\">\n\t\t\t\t\t\t\t<div class=\"elementor-icon elementor-divider__element\">\n\t\t\t\t\t<i aria-hidden=\"true\" class=\"far fa-dot-circle\"><\/i><\/div>\n\t\t\t\t\t\t<\/span>\n\t\t<\/div>\n\t\t\t\t<\/div>\n\t\t\t\t<\/div>\n\t\t\t\t<div class=\"elementor-element elementor-element-971fab9 elementor-widget elementor-widget-text-editor\" data-id=\"971fab9\" data-element_type=\"widget\" data-widget_type=\"text-editor.default\">\n\t\t\t\t<div class=\"elementor-widget-container\">\n\t\t\t\t\t\t\t\t<div class=\"elementor-text-editor elementor-clearfix\">\n\t\t\t\t<p class=\"mt-30\">Esta pol\u00edtica explica como os cookies s\u00e3o usados na MBA Travel em geral e, abaixo, como pode controlar os cookies que podem ser usados neste site (nem todos s\u00e3o usados em todos os sites).<\/p>\n\t\t\t\t\t<\/div>\n\t\t\t\t\t\t<\/div>\n\t\t\t\t<\/div>\n\t\t\t\t<div class=\"elementor-element elementor-element-4ecc144 elementor-widget elementor-widget-text-editor\" data-id=\"4ecc144\" data-element_type=\"widget\" data-widget_type=\"text-editor.default\">\n\t\t\t\t<div class=\"elementor-widget-container\">\n\t\t\t\t\t\t\t\t<div class=\"elementor-text-editor elementor-clearfix\">\n\t\t\t\t<p>1. Como utilizamos cookies<\/p>\n<p>Utilizamos cookies nos nossos sites por v\u00e1rios motivos, que pode conhecer abaixo. Os cookies que utilizamos n\u00e3o armazenam informa\u00e7\u00f5es pessoais identific\u00e1veis nem podem danificar o seu computador. Queremos que o nosso site seja informativo, pessoal e o mais f\u00e1cil de utilizar poss\u00edvel, e os cookies ajudam-nos a atingir esse objetivo.<\/p>\n<p>Ao utilizar o nosso website, concorda com a utiliza\u00e7\u00e3o de cookies e outras tecnologias, conforme estabelecido nesta pol\u00edtica. Compreendemos que alguns utilizadores possam preferir um controlo mais individual sobre a sua visita ao nosso website e podem ajustar as suas defini\u00e7\u00f5es em conformidade. Pode ler tudo sobre isso na sec\u00e7\u00e3o abaixo \u00abComo controlar e eliminar cookies\u00bb. Se n\u00e3o concordar com essa utiliza\u00e7\u00e3o, por favor, evite utilizar o website.<\/p>\n<p>2. O que s\u00e3o cookies?<\/p>\n<p>Um cookie \u00e9 um pequeno ficheiro que cont\u00e9m uma determinada quantidade de dados, que o nosso website pode enviar para o seu navegador. Pode ent\u00e3o ser armazenado no disco r\u00edgido do seu computador e pode ser acedido pelo nosso servidor web. Estes dados de cookies podem ent\u00e3o ser recuperados e permitem-nos personalizar as nossas p\u00e1ginas web e servi\u00e7os em conformidade. \u00c9 importante esclarecer que os cookies n\u00e3o recolhem quaisquer dados pessoais armazenados no seu disco r\u00edgido ou computador.<\/p>\n<p>3. Como utilizamos os cookies?<\/p>\n<p>Utilizamos dois pacotes de an\u00e1lise para melhorar constantemente a sua experi\u00eancia de navega\u00e7\u00e3o nos nossos sites.<\/p>\n<p>Parceiros de confian\u00e7a, como a DoubleClick, ajudam-nos a veicular an\u00fancios, e empresas de an\u00e1lise, como o Google Analytics, tamb\u00e9m podem colocar cookies no seu computador. Leia as pol\u00edticas de privacidade dessas empresas para garantir que est\u00e1 confort\u00e1vel com a forma como elas utilizam os cookies.<\/p>\n<p>DoubleClick<br \/>\nGoogle Analytics<\/p>\n<p>4. Cookies de terceiros nas redes sociais?<\/p>\n<p>Para enriquecer o conte\u00fado do nosso website, por vezes podemos incorporar conte\u00fado de v\u00eddeo de outros websites de redes sociais, como o YouTube ou o Facebook. Como resultado, quando visita uma p\u00e1gina com conte\u00fado incorporado, podem ser-lhe apresentados cookies desses websites. A MBA Travel n\u00e3o tem controlo nem responsabilidade sobre esses cookies, pelo que deve verificar a pol\u00edtica de cookies da entidade terceira relevante para obter mais informa\u00e7\u00f5es.<\/p>\n<p>Tamb\u00e9m oferecemos um widget \u00abpartilhar p\u00e1gina\u00bb em algumas das nossas p\u00e1ginas web, onde o conte\u00fado pode ser facilmente partilhado nos seguintes sites: Facebook, Twitter, LinkedIn e Google+. Estes sites podem definir um cookie quando inicia sess\u00e3o no seu servi\u00e7o. A MBA Travel n\u00e3o tem controlo nem responsabilidade sobre esses cookies definidos, pelo que deve verificar a pol\u00edtica de cookies da terceira parte relevante para obter mais informa\u00e7\u00f5es.<\/p>\n<p>5. Como controlar e eliminar cookies?<\/p>\n<p>A MBA Travel n\u00e3o utilizar\u00e1 cookies para recolher informa\u00e7\u00f5es pessoais identific\u00e1veis sobre si. No entanto, caso opte por desativar, rejeitar ou bloquear os nossos cookies, algumas partes dos nossos sites n\u00e3o funcionar\u00e3o totalmente ou, em alguns casos, o nosso site n\u00e3o estar\u00e1 acess\u00edvel.<\/p>\n<p>Para obter mais informa\u00e7\u00f5es sobre como controlar as suas configura\u00e7\u00f5es de cookies e do navegador, ou como eliminar cookies do seu disco r\u00edgido, visite www.allaboutcookies.org.<\/p>\n<p>&nbsp;<\/p>\n\t\t\t\t\t<\/div>\n\t\t\t\t\t\t<\/div>\n\t\t\t\t<\/div>\n\t\t\t\t\t\t<\/div>\n\t\t\t\t\t<\/div>\n\t\t<\/div>\n\t\t\t\t\t\t\t\t<\/div>\n\t\t\t\t\t<\/div>\n\t\t<\/section>\n\t\t\t\t\t\t\t\t\t<\/div>\n\t\t\t<\/div>\n\t\t\t\t\t<\/div>\n\t\t","protected":false},"excerpt":{"rendered":"<p>Utilizamos Cookies Esta pol\u00edtica explica como os cookies s\u00e3o usados na MBA Travel em geral e, abaixo, como pode controlar os cookies que podem ser usados neste site (nem todos s\u00e3o usados em todos os sites). 1. Como utilizamos cookies Utilizamos cookies nos nossos sites por v\u00e1rios motivos, que pode conhecer abaixo. Os cookies que [&hellip;]<\/p>\n","protected":false},"author":1,"featured_media":0,"parent":0,"menu_order":0,"comment_status":"closed","ping_status":"closed","template":"","meta":{"slim_seo":{"title":"Politica de Privacidade - MBA Travel","description":"Utilizamos Cookies Esta pol\u00edtica explica como os cookies s\u00e3o usados na MBA Travel em geral e, abaixo, como pode controlar os cookies que podem ser usados neste"}},"_links":{"self":[{"href":"https:\/\/www.mba-travel.com\/pt-pt\/wp-json\/wp\/v2\/pages\/802"}],"collection":[{"href":"https:\/\/www.mba-travel.com\/pt-pt\/wp-json\/wp\/v2\/pages"}],"about":[{"href":"https:\/\/www.mba-travel.com\/pt-pt\/wp-json\/wp\/v2\/types\/page"}],"author":[{"embeddable":true,"href":"https:\/\/www.mba-travel.com\/pt-pt\/wp-json\/wp\/v2\/users\/1"}],"replies":[{"embeddable":true,"href":"https:\/\/www.mba-travel.com\/pt-pt\/wp-json\/wp\/v2\/comments?post=802"}],"version-history":[{"count":2,"href":"https:\/\/www.mba-travel.com\/pt-pt\/wp-json\/wp\/v2\/pages\/802\/revisions"}],"predecessor-version":[{"id":889,"href":"https:\/\/www.mba-travel.com\/pt-pt\/wp-json\/wp\/v2\/pages\/802\/revisions\/889"}],"wp:attachment":[{"href":"https:\/\/www.mba-travel.com\/pt-pt\/wp-json\/wp\/v2\/media?parent=802"}],"curies":[{"name":"wp","href":"https:\/\/api.w.org\/{rel}","templated":true}]}}