{"id":226,"date":"2020-08-21T14:09:04","date_gmt":"2020-08-21T14:09:04","guid":{"rendered":"https:\/\/mba.page404.co\/transfer-de-mobilidade-reduzida\/"},"modified":"2026-02-20T09:46:06","modified_gmt":"2026-02-20T09:46:06","slug":"transfer-de-mobilidade-reduzida","status":"publish","type":"page","link":"https:\/\/www.mba-travel.com\/pt-pt\/transfer-de-mobilidade-reduzida\/","title":{"rendered":"Transfer de Mobilidade Reduzida"},"content":{"rendered":"\t\t<div data-elementor-type=\"wp-page\" data-elementor-id=\"226\" class=\"elementor elementor-226 elementor-160\">\n\t\t\t\t\t\t<div class=\"elementor-inner\">\n\t\t\t\t<div class=\"elementor-section-wrap\">\n\t\t\t\t\t\t\t\t\t<section class=\"elementor-section elementor-top-section elementor-element elementor-element-2e962bff elementor-section-height-min-height elementor-section-items-bottom elementor-section-boxed elementor-section-height-default\" data-id=\"2e962bff\" data-element_type=\"section\" data-settings=\"{&quot;background_background&quot;:&quot;classic&quot;}\">\n\t\t\t\t\t\t\t<div class=\"elementor-background-overlay\"><\/div>\n\t\t\t\t\t\t\t<div class=\"elementor-container elementor-column-gap-default\">\n\t\t\t\t\t\t\t<div class=\"elementor-row\">\n\t\t\t\t\t<div class=\"elementor-column elementor-col-100 elementor-top-column elementor-element elementor-element-37b9cab\" data-id=\"37b9cab\" data-element_type=\"column\">\n\t\t\t<div class=\"elementor-column-wrap elementor-element-populated\">\n\t\t\t\t\t\t\t<div class=\"elementor-widget-wrap\">\n\t\t\t\t\t\t<div class=\"elementor-element elementor-element-5e4f3848 elementor-widget elementor-widget-heading\" data-id=\"5e4f3848\" data-element_type=\"widget\" data-widget_type=\"heading.default\">\n\t\t\t\t<div class=\"elementor-widget-container\">\n\t\t\t<h1 class=\"elementor-heading-title elementor-size-default\">MOBILIDADE REDUZIDA<\/h1>\t\t<\/div>\n\t\t\t\t<\/div>\n\t\t\t\t\t\t<\/div>\n\t\t\t\t\t<\/div>\n\t\t<\/div>\n\t\t\t\t\t\t\t\t<\/div>\n\t\t\t\t\t<\/div>\n\t\t<\/section>\n\t\t\t\t<section class=\"elementor-section elementor-top-section elementor-element elementor-element-6b3285e5 elementor-section-boxed elementor-section-height-default elementor-section-height-default\" data-id=\"6b3285e5\" data-element_type=\"section\">\n\t\t\t\t\t\t<div class=\"elementor-container elementor-column-gap-default\">\n\t\t\t\t\t\t\t<div class=\"elementor-row\">\n\t\t\t\t\t<div class=\"elementor-column elementor-col-100 elementor-top-column elementor-element elementor-element-595e71ed\" data-id=\"595e71ed\" data-element_type=\"column\">\n\t\t\t<div class=\"elementor-column-wrap elementor-element-populated\">\n\t\t\t\t\t\t\t<div class=\"elementor-widget-wrap\">\n\t\t\t\t\t\t<div class=\"elementor-element elementor-element-70fe438f elementor-widget elementor-widget-heading\" data-id=\"70fe438f\" data-element_type=\"widget\" data-widget_type=\"heading.default\">\n\t\t\t\t<div class=\"elementor-widget-container\">\n\t\t\t<h2 class=\"elementor-heading-title elementor-size-default\">SERVI\u00c7OS <b>MBA TRAVEL<\/b><\/h2>\t\t<\/div>\n\t\t\t\t<\/div>\n\t\t\t\t<div class=\"elementor-element elementor-element-67e54b9d elementor-widget-divider--view-line_icon elementor-view-default elementor-widget-divider--element-align-center elementor-widget elementor-widget-divider\" data-id=\"67e54b9d\" data-element_type=\"widget\" data-widget_type=\"divider.default\">\n\t\t\t\t<div class=\"elementor-widget-container\">\n\t\t\t\t\t<div class=\"elementor-divider\">\n\t\t\t<span class=\"elementor-divider-separator\">\n\t\t\t\t\t\t\t<div class=\"elementor-icon elementor-divider__element\">\n\t\t\t\t\t<i aria-hidden=\"true\" class=\"far fa-dot-circle\"><\/i><\/div>\n\t\t\t\t\t\t<\/span>\n\t\t<\/div>\n\t\t\t\t<\/div>\n\t\t\t\t<\/div>\n\t\t\t\t<div class=\"elementor-element elementor-element-3666c6ec elementor-widget elementor-widget-text-editor\" data-id=\"3666c6ec\" data-element_type=\"widget\" data-widget_type=\"text-editor.default\">\n\t\t\t\t<div class=\"elementor-widget-container\">\n\t\t\t\t\t\t\t\t<div class=\"elementor-text-editor elementor-clearfix\">\n\t\t\t\t<p data-start=\"0\" data-end=\"197\">Oferecemos <strong data-start=\"11\" data-end=\"106\">servi\u00e7os de t\u00e1xi privado, transfers em minibus, autocarros para golfe e passeios tur\u00edsticos<\/strong>, proporcionando transporte seguro, confort\u00e1vel e pontual para todos os tipos de viagens.<\/p><p data-start=\"199\" data-end=\"440\">Tamb\u00e9m cuidamos de <strong data-start=\"218\" data-end=\"244\">necessidades especiais<\/strong>, incluindo <strong data-start=\"256\" data-end=\"310\">transfers para passageiros com mobilidade reduzida<\/strong>, com <strong data-start=\"316\" data-end=\"393\">ve\u00edculos adaptados que permitem viajar com a sua pr\u00f3pria cadeira de rodas<\/strong>, garantindo total conforto e acessibilidade.<\/p><p data-start=\"442\" data-end=\"613\">Os nossos <strong data-start=\"452\" data-end=\"550\">servi\u00e7os de transfer est\u00e3o dispon\u00edveis em Portugal e no sul de Espanha, na regi\u00e3o da Andaluzia<\/strong>, ideais para turismo, golfe, eventos e desloca\u00e7\u00f5es privadas.<\/p>\t\t\t\t\t<\/div>\n\t\t\t\t\t\t<\/div>\n\t\t\t\t<\/div>\n\t\t\t\t\t\t<\/div>\n\t\t\t\t\t<\/div>\n\t\t<\/div>\n\t\t\t\t\t\t\t\t<\/div>\n\t\t\t\t\t<\/div>\n\t\t<\/section>\n\t\t\t\t<section class=\"elementor-section elementor-top-section elementor-element elementor-element-723d16e1 elementor-section-full_width elementor-hidden-mobile elementor-section-height-default elementor-section-height-default\" data-id=\"723d16e1\" data-element_type=\"section\">\n\t\t\t\t\t\t<div class=\"elementor-container elementor-column-gap-default\">\n\t\t\t\t\t\t\t<div class=\"elementor-row\">\n\t\t\t\t\t<div class=\"elementor-column elementor-col-50 elementor-top-column elementor-element elementor-element-538982be\" data-id=\"538982be\" data-element_type=\"column\" data-settings=\"{&quot;background_background&quot;:&quot;classic&quot;}\">\n\t\t\t<div class=\"elementor-column-wrap\">\n\t\t\t\t\t\t\t<div class=\"elementor-widget-wrap\">\n\t\t\t\t\t\t\t\t<\/div>\n\t\t\t\t\t<\/div>\n\t\t<\/div>\n\t\t\t\t<div class=\"elementor-column elementor-col-50 elementor-top-column elementor-element elementor-element-34ed32c\" data-id=\"34ed32c\" data-element_type=\"column\" data-settings=\"{&quot;background_background&quot;:&quot;classic&quot;}\">\n\t\t\t<div class=\"elementor-column-wrap elementor-element-populated\">\n\t\t\t\t\t\t\t<div class=\"elementor-widget-wrap\">\n\t\t\t\t\t\t<div class=\"elementor-element elementor-element-f02e66a elementor-widget elementor-widget-heading\" data-id=\"f02e66a\" data-element_type=\"widget\" data-widget_type=\"heading.default\">\n\t\t\t\t<div class=\"elementor-widget-container\">\n\t\t\t<h2 class=\"elementor-heading-title elementor-size-default\">Transfer de Mobilidade Reduzida<\/h2>\t\t<\/div>\n\t\t\t\t<\/div>\n\t\t\t\t<div class=\"elementor-element elementor-element-5310b82 elementor-widget elementor-widget-text-editor\" data-id=\"5310b82\" data-element_type=\"widget\" data-widget_type=\"text-editor.default\">\n\t\t\t\t<div class=\"elementor-widget-container\">\n\t\t\t\t\t\t\t\t<div class=\"elementor-text-editor elementor-clearfix\">\n\t\t\t\t<p data-start=\"0\" data-end=\"335\">Este <strong data-start=\"5\" data-end=\"40\">servi\u00e7o de transporte acess\u00edvel<\/strong> disp\u00f5e de <strong data-start=\"51\" data-end=\"87\">ve\u00edculos especialmente adaptados<\/strong> para acomodar passageiros com <strong data-start=\"118\" data-end=\"165\">limita\u00e7\u00f5es totais ou parciais de mobilidade<\/strong>. A cadeira de rodas do passageiro \u00e9 cuidadosamente <strong data-start=\"217\" data-end=\"283\">fixada e imobilizada com equipamentos de seguran\u00e7a apropriados<\/strong>, garantindo <strong data-start=\"296\" data-end=\"332\">total seguran\u00e7a durante a viagem<\/strong>.<\/p>\n<p data-start=\"337\" data-end=\"638\">Cada ve\u00edculo pode transportar at\u00e9 <strong data-start=\"371\" data-end=\"394\">2 cadeiras de rodas<\/strong>, acompanhadas de um m\u00e1ximo de <strong data-start=\"425\" data-end=\"442\">4 passageiros<\/strong>. As reservas devem ser realizadas <strong data-start=\"477\" data-end=\"496\">antecipadamente<\/strong>, atrav\u00e9s do nosso <strong data-start=\"515\" data-end=\"555\">escrit\u00f3rio de atendimento ao cliente<\/strong> ou <strong data-start=\"559\" data-end=\"589\">sistema online de cota\u00e7\u00f5es<\/strong>, devido \u00e0s restri\u00e7\u00f5es espec\u00edficas de transfer.<\/p>\n<p data-start=\"640\" data-end=\"812\">Estes <strong data-start=\"646\" data-end=\"669\">ve\u00edculos acess\u00edveis<\/strong> tamb\u00e9m est\u00e3o dispon\u00edveis durante <strong data-start=\"703\" data-end=\"725\">estadias de f\u00e9rias<\/strong>, oferecendo conforto e mobilidade completa para turistas com necessidades especiais.<\/p>\n<p><strong>Mais detalhes e reservas:<\/strong>\u00a0<a href=\"http:\/\/www.ezclick-transfers.com\/services\/wheelchair-transfers-faro-transfers\/\" target=\"_blank\" rel=\"noopener\" data-slimstat=\"5\">Transfers de Taxi a partir dos Aeroportos de Faro, Lisboa e Porto<\/a><\/p>\t\t\t\t\t<\/div>\n\t\t\t\t\t\t<\/div>\n\t\t\t\t<\/div>\n\t\t\t\t<div class=\"elementor-element elementor-element-8307e86 elementor-widget elementor-widget-button\" data-id=\"8307e86\" data-element_type=\"widget\" data-widget_type=\"button.default\">\n\t\t\t\t<div class=\"elementor-widget-container\">\n\t\t\t\t\t<div class=\"elementor-button-wrapper\">\n\t\t\t<a href=\"https:\/\/www.mba-travel.com\/pt-pt\/contacto\/\" class=\"elementor-button-link elementor-button elementor-size-sm\" role=\"button\">\n\t\t\t\t\t\t<span class=\"elementor-button-content-wrapper\">\n\t\t\t\t\t\t<span class=\"elementor-button-text\">CONTACTO<\/span>\n\t\t<\/span>\n\t\t\t\t\t<\/a>\n\t\t<\/div>\n\t\t\t\t<\/div>\n\t\t\t\t<\/div>\n\t\t\t\t\t\t<\/div>\n\t\t\t\t\t<\/div>\n\t\t<\/div>\n\t\t\t\t\t\t\t\t<\/div>\n\t\t\t\t\t<\/div>\n\t\t<\/section>\n\t\t\t\t<section class=\"elementor-section elementor-top-section elementor-element elementor-element-b56752f elementor-section-full_width elementor-hidden-desktop elementor-hidden-tablet elementor-section-height-default elementor-section-height-default\" data-id=\"b56752f\" data-element_type=\"section\">\n\t\t\t\t\t\t<div class=\"elementor-container elementor-column-gap-default\">\n\t\t\t\t\t\t\t<div class=\"elementor-row\">\n\t\t\t\t\t<div class=\"elementor-column elementor-col-50 elementor-top-column elementor-element elementor-element-014ff04\" data-id=\"014ff04\" data-element_type=\"column\" data-settings=\"{&quot;background_background&quot;:&quot;classic&quot;}\">\n\t\t\t<div class=\"elementor-column-wrap elementor-element-populated\">\n\t\t\t\t\t\t\t<div class=\"elementor-widget-wrap\">\n\t\t\t\t\t\t<div class=\"elementor-element elementor-element-ca6a720 elementor-widget elementor-widget-image\" data-id=\"ca6a720\" data-element_type=\"widget\" data-widget_type=\"image.default\">\n\t\t\t\t<div class=\"elementor-widget-container\">\n\t\t\t\t\t\t\t\t<div class=\"elementor-image\">\n\t\t\t\t\t\t\t\t\t\t\t\t<img decoding=\"async\" width=\"1920\" height=\"1280\" src=\"https:\/\/www.mba-travel.com\/wp-content\/uploads\/2020\/08\/wheelchair.jpg\" class=\"attachment-full size-full wp-image-63\" alt=\"Wheelchair\" loading=\"lazy\" srcset=\"https:\/\/www.mba-travel.com\/wp-content\/uploads\/2020\/08\/wheelchair.jpg 1920w, https:\/\/www.mba-travel.com\/wp-content\/uploads\/2020\/08\/wheelchair-300x200.jpg 300w, https:\/\/www.mba-travel.com\/wp-content\/uploads\/2020\/08\/wheelchair-1024x683.jpg 1024w, https:\/\/www.mba-travel.com\/wp-content\/uploads\/2020\/08\/wheelchair-768x512.jpg 768w, https:\/\/www.mba-travel.com\/wp-content\/uploads\/2020\/08\/wheelchair-1536x1024.jpg 1536w\" sizes=\"(max-width: 1920px) 100vw, 1920px\" \/>\t\t\t\t\t\t\t\t\t\t\t\t\t\t<\/div>\n\t\t\t\t\t\t<\/div>\n\t\t\t\t<\/div>\n\t\t\t\t\t\t<\/div>\n\t\t\t\t\t<\/div>\n\t\t<\/div>\n\t\t\t\t<div class=\"elementor-column elementor-col-50 elementor-top-column elementor-element elementor-element-d590cbb\" data-id=\"d590cbb\" data-element_type=\"column\" data-settings=\"{&quot;background_background&quot;:&quot;classic&quot;}\">\n\t\t\t<div class=\"elementor-column-wrap elementor-element-populated\">\n\t\t\t\t\t\t\t<div class=\"elementor-widget-wrap\">\n\t\t\t\t\t\t<div class=\"elementor-element elementor-element-2e252bd elementor-widget elementor-widget-heading\" data-id=\"2e252bd\" data-element_type=\"widget\" data-widget_type=\"heading.default\">\n\t\t\t\t<div class=\"elementor-widget-container\">\n\t\t\t<h2 class=\"elementor-heading-title elementor-size-default\">Transfer de Mobilidade Reduzida<\/h2>\t\t<\/div>\n\t\t\t\t<\/div>\n\t\t\t\t<div class=\"elementor-element elementor-element-377a24d elementor-widget elementor-widget-text-editor\" data-id=\"377a24d\" data-element_type=\"widget\" data-widget_type=\"text-editor.default\">\n\t\t\t\t<div class=\"elementor-widget-container\">\n\t\t\t\t\t\t\t\t<div class=\"elementor-text-editor elementor-clearfix\">\n\t\t\t\t<p data-start=\"0\" data-end=\"335\">Este <strong data-start=\"5\" data-end=\"40\">servi\u00e7o de transporte acess\u00edvel<\/strong> disp\u00f5e de <strong data-start=\"51\" data-end=\"87\">ve\u00edculos especialmente adaptados<\/strong> para acomodar passageiros com <strong data-start=\"118\" data-end=\"165\">limita\u00e7\u00f5es totais ou parciais de mobilidade<\/strong>. A cadeira de rodas do passageiro \u00e9 cuidadosamente <strong data-start=\"217\" data-end=\"283\">fixada e imobilizada com equipamentos de seguran\u00e7a apropriados<\/strong>, garantindo <strong data-start=\"296\" data-end=\"332\">total seguran\u00e7a durante a viagem<\/strong>.<\/p>\n<p data-start=\"337\" data-end=\"638\">Cada ve\u00edculo pode transportar at\u00e9 <strong data-start=\"371\" data-end=\"394\">2 cadeiras de rodas<\/strong>, acompanhadas de um m\u00e1ximo de <strong data-start=\"425\" data-end=\"442\">4 passageiros<\/strong>. As reservas devem ser realizadas <strong data-start=\"477\" data-end=\"496\">antecipadamente<\/strong>, atrav\u00e9s do nosso <strong data-start=\"515\" data-end=\"555\">escrit\u00f3rio de atendimento ao cliente<\/strong> ou <strong data-start=\"559\" data-end=\"589\">sistema online de cota\u00e7\u00f5es<\/strong>, devido \u00e0s restri\u00e7\u00f5es espec\u00edficas de transfer.<\/p>\n<p data-start=\"640\" data-end=\"812\">Estes <strong data-start=\"646\" data-end=\"669\">ve\u00edculos acess\u00edveis<\/strong> tamb\u00e9m est\u00e3o dispon\u00edveis durante <strong data-start=\"703\" data-end=\"725\">estadias de f\u00e9rias<\/strong>, oferecendo conforto e mobilidade completa para turistas com necessidades especiais.<\/p>\n<p><strong>Mais detalhes e reservas:<\/strong>\u00a0<a href=\"http:\/\/www.ezclick-transfers.com\/services\/wheelchair-transfers-faro-transfers\/\" target=\"_blank\" rel=\"noopener\" data-slimstat=\"5\">Transfers de Taxi a partir dos Aeroportos de Faro, Lisboa e Porto<\/a><\/p>\t\t\t\t\t<\/div>\n\t\t\t\t\t\t<\/div>\n\t\t\t\t<\/div>\n\t\t\t\t<div class=\"elementor-element elementor-element-1f62c04 elementor-widget elementor-widget-button\" data-id=\"1f62c04\" data-element_type=\"widget\" data-widget_type=\"button.default\">\n\t\t\t\t<div class=\"elementor-widget-container\">\n\t\t\t\t\t<div class=\"elementor-button-wrapper\">\n\t\t\t<a href=\"https:\/\/www.mba-travel.com\/pt-pt\/contacto\/\" class=\"elementor-button-link elementor-button elementor-size-sm\" role=\"button\">\n\t\t\t\t\t\t<span class=\"elementor-button-content-wrapper\">\n\t\t\t\t\t\t<span class=\"elementor-button-text\">CONTACTO<\/span>\n\t\t<\/span>\n\t\t\t\t\t<\/a>\n\t\t<\/div>\n\t\t\t\t<\/div>\n\t\t\t\t<\/div>\n\t\t\t\t\t\t<\/div>\n\t\t\t\t\t<\/div>\n\t\t<\/div>\n\t\t\t\t\t\t\t\t<\/div>\n\t\t\t\t\t<\/div>\n\t\t<\/section>\n\t\t\t\t\t\t\t\t\t<\/div>\n\t\t\t<\/div>\n\t\t\t\t\t<\/div>\n\t\t","protected":false},"excerpt":{"rendered":"<p>MOBILIDADE REDUZIDA SERVI\u00c7OS MBA TRAVEL Oferecemos servi\u00e7os de t\u00e1xi privado, transfers em minibus, autocarros para golfe e passeios tur\u00edsticos, proporcionando transporte seguro, confort\u00e1vel e pontual para todos os tipos de viagens. Tamb\u00e9m cuidamos de necessidades especiais, incluindo transfers para passageiros com mobilidade reduzida, com ve\u00edculos adaptados que permitem viajar com a sua pr\u00f3pria cadeira de [&hellip;]<\/p>\n","protected":false},"author":1,"featured_media":163,"parent":0,"menu_order":0,"comment_status":"closed","ping_status":"closed","template":"","meta":{"slim_seo":{"title":"Transfer de Mobilidade Reduzida - MBA Travel","description":"MOBILIDADE REDUZIDA SERVI\u00c7OS MBA TRAVEL Oferecemos servi\u00e7os de t\u00e1xi privado, transfers em minibus, autocarros para golfe e passeios tur\u00edsticos , proporcionando"}},"_links":{"self":[{"href":"https:\/\/www.mba-travel.com\/pt-pt\/wp-json\/wp\/v2\/pages\/226"}],"collection":[{"href":"https:\/\/www.mba-travel.com\/pt-pt\/wp-json\/wp\/v2\/pages"}],"about":[{"href":"https:\/\/www.mba-travel.com\/pt-pt\/wp-json\/wp\/v2\/types\/page"}],"author":[{"embeddable":true,"href":"https:\/\/www.mba-travel.com\/pt-pt\/wp-json\/wp\/v2\/users\/1"}],"replies":[{"embeddable":true,"href":"https:\/\/www.mba-travel.com\/pt-pt\/wp-json\/wp\/v2\/comments?post=226"}],"version-history":[{"count":17,"href":"https:\/\/www.mba-travel.com\/pt-pt\/wp-json\/wp\/v2\/pages\/226\/revisions"}],"predecessor-version":[{"id":947,"href":"https:\/\/www.mba-travel.com\/pt-pt\/wp-json\/wp\/v2\/pages\/226\/revisions\/947"}],"wp:featuredmedia":[{"embeddable":true,"href":"https:\/\/www.mba-travel.com\/pt-pt\/wp-json\/wp\/v2\/media\/163"}],"wp:attachment":[{"href":"https:\/\/www.mba-travel.com\/pt-pt\/wp-json\/wp\/v2\/media?parent=226"}],"curies":[{"name":"wp","href":"https:\/\/api.w.org\/{rel}","templated":true}]}}