{"id":219,"date":"2020-08-21T09:44:46","date_gmt":"2020-08-21T09:44:46","guid":{"rendered":"https:\/\/mba.page404.co\/transfer-regular\/"},"modified":"2026-02-20T09:44:12","modified_gmt":"2026-02-20T09:44:12","slug":"transfer-regular","status":"publish","type":"page","link":"https:\/\/www.mba-travel.com\/pt-pt\/transfer-regular\/","title":{"rendered":"Transfer Regular"},"content":{"rendered":"\t\t<div data-elementor-type=\"wp-page\" data-elementor-id=\"219\" class=\"elementor elementor-219 elementor-152\">\n\t\t\t\t\t\t<div class=\"elementor-inner\">\n\t\t\t\t<div class=\"elementor-section-wrap\">\n\t\t\t\t\t\t\t\t\t<section class=\"elementor-section elementor-top-section elementor-element elementor-element-240f75e4 elementor-section-height-min-height elementor-section-items-bottom elementor-section-boxed elementor-section-height-default\" data-id=\"240f75e4\" data-element_type=\"section\" data-settings=\"{&quot;background_background&quot;:&quot;classic&quot;}\">\n\t\t\t\t\t\t\t<div class=\"elementor-background-overlay\"><\/div>\n\t\t\t\t\t\t\t<div class=\"elementor-container elementor-column-gap-default\">\n\t\t\t\t\t\t\t<div class=\"elementor-row\">\n\t\t\t\t\t<div class=\"elementor-column elementor-col-100 elementor-top-column elementor-element elementor-element-3b62a8e1\" data-id=\"3b62a8e1\" data-element_type=\"column\">\n\t\t\t<div class=\"elementor-column-wrap elementor-element-populated\">\n\t\t\t\t\t\t\t<div class=\"elementor-widget-wrap\">\n\t\t\t\t\t\t<div class=\"elementor-element elementor-element-42bcba65 elementor-widget elementor-widget-heading\" data-id=\"42bcba65\" data-element_type=\"widget\" data-widget_type=\"heading.default\">\n\t\t\t\t<div class=\"elementor-widget-container\">\n\t\t\t<h2 class=\"elementor-heading-title elementor-size-default\">TRANSFER REGULAR DE FARO<\/h2>\t\t<\/div>\n\t\t\t\t<\/div>\n\t\t\t\t\t\t<\/div>\n\t\t\t\t\t<\/div>\n\t\t<\/div>\n\t\t\t\t\t\t\t\t<\/div>\n\t\t\t\t\t<\/div>\n\t\t<\/section>\n\t\t\t\t<section class=\"elementor-section elementor-top-section elementor-element elementor-element-5bb5cf29 elementor-section-boxed elementor-section-height-default elementor-section-height-default\" data-id=\"5bb5cf29\" data-element_type=\"section\">\n\t\t\t\t\t\t<div class=\"elementor-container elementor-column-gap-default\">\n\t\t\t\t\t\t\t<div class=\"elementor-row\">\n\t\t\t\t\t<div class=\"elementor-column elementor-col-100 elementor-top-column elementor-element elementor-element-332b5e05\" data-id=\"332b5e05\" data-element_type=\"column\">\n\t\t\t<div class=\"elementor-column-wrap elementor-element-populated\">\n\t\t\t\t\t\t\t<div class=\"elementor-widget-wrap\">\n\t\t\t\t\t\t<div class=\"elementor-element elementor-element-76d33632 elementor-widget elementor-widget-heading\" data-id=\"76d33632\" data-element_type=\"widget\" data-widget_type=\"heading.default\">\n\t\t\t\t<div class=\"elementor-widget-container\">\n\t\t\t<h2 class=\"elementor-heading-title elementor-size-default\">SERVI\u00c7OS <b>MBA TRAVEL<\/b><\/h2>\t\t<\/div>\n\t\t\t\t<\/div>\n\t\t\t\t<div class=\"elementor-element elementor-element-48f992ce elementor-widget-divider--view-line_icon elementor-view-default elementor-widget-divider--element-align-center elementor-widget elementor-widget-divider\" data-id=\"48f992ce\" data-element_type=\"widget\" data-widget_type=\"divider.default\">\n\t\t\t\t<div class=\"elementor-widget-container\">\n\t\t\t\t\t<div class=\"elementor-divider\">\n\t\t\t<span class=\"elementor-divider-separator\">\n\t\t\t\t\t\t\t<div class=\"elementor-icon elementor-divider__element\">\n\t\t\t\t\t<i aria-hidden=\"true\" class=\"far fa-dot-circle\"><\/i><\/div>\n\t\t\t\t\t\t<\/span>\n\t\t<\/div>\n\t\t\t\t<\/div>\n\t\t\t\t<\/div>\n\t\t\t\t<div class=\"elementor-element elementor-element-1557b2dc elementor-widget elementor-widget-text-editor\" data-id=\"1557b2dc\" data-element_type=\"widget\" data-widget_type=\"text-editor.default\">\n\t\t\t\t<div class=\"elementor-widget-container\">\n\t\t\t\t\t\t\t\t<div class=\"elementor-text-editor elementor-clearfix\">\n\t\t\t\t<p data-start=\"0\" data-end=\"186\">Oferecemos <strong data-start=\"11\" data-end=\"96\">t\u00e1xis privados, transfers em minibus, autocarros para golfe e passeios tur\u00edsticos<\/strong>, proporcionando transporte confort\u00e1vel, seguro e pontual para todos os tipos de viagem.<\/p><p data-start=\"188\" data-end=\"430\">Tamb\u00e9m atendemos <strong data-start=\"205\" data-end=\"231\">necessidades especiais<\/strong>, incluindo <strong data-start=\"243\" data-end=\"297\">transfers para passageiros com mobilidade reduzida<\/strong>, com <strong data-start=\"303\" data-end=\"339\">ve\u00edculos especialmente adaptados<\/strong> que permitem viajar com a sua pr\u00f3pria cadeira de rodas com total seguran\u00e7a e comodidade.<\/p><p data-start=\"432\" data-end=\"636\">Os nossos servi\u00e7os de <strong data-start=\"454\" data-end=\"540\">transfer est\u00e3o dispon\u00edveis em Portugal e no sul de Espanha, na regi\u00e3o da Andaluzia<\/strong>, garantindo uma experi\u00eancia premium de transporte para turismo, golfe e desloca\u00e7\u00f5es privadas.<\/p>\t\t\t\t\t<\/div>\n\t\t\t\t\t\t<\/div>\n\t\t\t\t<\/div>\n\t\t\t\t\t\t<\/div>\n\t\t\t\t\t<\/div>\n\t\t<\/div>\n\t\t\t\t\t\t\t\t<\/div>\n\t\t\t\t\t<\/div>\n\t\t<\/section>\n\t\t\t\t<section class=\"elementor-section elementor-top-section elementor-element elementor-element-3550db76 elementor-section-full_width elementor-hidden-mobile elementor-section-height-default elementor-section-height-default\" data-id=\"3550db76\" data-element_type=\"section\">\n\t\t\t\t\t\t<div class=\"elementor-container elementor-column-gap-default\">\n\t\t\t\t\t\t\t<div class=\"elementor-row\">\n\t\t\t\t\t<div class=\"elementor-column elementor-col-50 elementor-top-column elementor-element elementor-element-84c6053\" data-id=\"84c6053\" data-element_type=\"column\" data-settings=\"{&quot;background_background&quot;:&quot;classic&quot;}\">\n\t\t\t<div class=\"elementor-column-wrap\">\n\t\t\t\t\t\t\t<div class=\"elementor-widget-wrap\">\n\t\t\t\t\t\t\t\t<\/div>\n\t\t\t\t\t<\/div>\n\t\t<\/div>\n\t\t\t\t<div class=\"elementor-column elementor-col-50 elementor-top-column elementor-element elementor-element-926c378\" data-id=\"926c378\" data-element_type=\"column\" data-settings=\"{&quot;background_background&quot;:&quot;classic&quot;}\">\n\t\t\t<div class=\"elementor-column-wrap elementor-element-populated\">\n\t\t\t\t\t\t\t<div class=\"elementor-widget-wrap\">\n\t\t\t\t\t\t<div class=\"elementor-element elementor-element-d286f6a elementor-widget elementor-widget-heading\" data-id=\"d286f6a\" data-element_type=\"widget\" data-widget_type=\"heading.default\">\n\t\t\t\t<div class=\"elementor-widget-container\">\n\t\t\t<h2 class=\"elementor-heading-title elementor-size-default\">Transfer Regular<\/h2>\t\t<\/div>\n\t\t\t\t<\/div>\n\t\t\t\t<div class=\"elementor-element elementor-element-8ff5a2c elementor-widget elementor-widget-text-editor\" data-id=\"8ff5a2c\" data-element_type=\"widget\" data-widget_type=\"text-editor.default\">\n\t\t\t\t<div class=\"elementor-widget-container\">\n\t\t\t\t\t\t\t\t<div class=\"elementor-text-editor elementor-clearfix\">\n\t\t\t\t<p data-start=\"0\" data-end=\"415\">Este servi\u00e7o de <strong data-start=\"16\" data-end=\"39\">transfer em minibus<\/strong> acomoda at\u00e9 <strong data-start=\"52\" data-end=\"70\">16 passageiros<\/strong> em ve\u00edculos totalmente equipados e com <strong data-start=\"110\" data-end=\"129\">ar condicionado<\/strong>, garantindo conforto e seguran\u00e7a. Inclui <strong data-start=\"171\" data-end=\"202\">motorista fluente em ingl\u00eas<\/strong> e assist\u00eancia completa com bagagens. Est\u00e3o dispon\u00edveis <strong data-start=\"258\" data-end=\"315\">cadeiras de beb\u00e9 e assentos elevat\u00f3rios para crian\u00e7as<\/strong>, e alguns minibuses possuem <strong data-start=\"344\" data-end=\"381\">dist\u00e2ncia entre eixos extra longa<\/strong> para maior espa\u00e7o para bagagem.<\/p>\n<p data-start=\"417\" data-end=\"736\">Os <strong data-start=\"420\" data-end=\"526\">minibuses s\u00e3o ideais para grupos de golfe, passeios tur\u00edsticos ou fam\u00edlias numerosas com muita bagagem<\/strong>. Para grupos maiores, tamb\u00e9m disponibilizamos <strong data-start=\"573\" data-end=\"606\">autocarros de 28 a 49 lugares<\/strong>, perfeitos para <strong data-start=\"623\" data-end=\"660\">eventos, confer\u00eancias e excurs\u00f5es<\/strong>, oferecendo transporte vers\u00e1til e confort\u00e1vel para todas as necessidades.<\/p>\n<p><strong>Mais detalhes e reservas:<\/strong>\u00a0<a href=\"http:\/\/www.ezclick-transfers.com\/services\/regular-mini-bus-transfers-faro-airport-transfers\/\" target=\"_blank\" rel=\"noopener\" data-slimstat=\"5\">Transfers de Taxi a partir do Aeroporto de Faro, Lisboa e Porto<\/a><\/p>\t\t\t\t\t<\/div>\n\t\t\t\t\t\t<\/div>\n\t\t\t\t<\/div>\n\t\t\t\t<div class=\"elementor-element elementor-element-d56a0da elementor-widget elementor-widget-button\" data-id=\"d56a0da\" data-element_type=\"widget\" data-widget_type=\"button.default\">\n\t\t\t\t<div class=\"elementor-widget-container\">\n\t\t\t\t\t<div class=\"elementor-button-wrapper\">\n\t\t\t<a href=\"https:\/\/www.mba-travel.com\/pt-pt\/contacto\/\" class=\"elementor-button-link elementor-button elementor-size-sm\" role=\"button\">\n\t\t\t\t\t\t<span class=\"elementor-button-content-wrapper\">\n\t\t\t\t\t\t<span class=\"elementor-button-text\">CONTACTO<\/span>\n\t\t<\/span>\n\t\t\t\t\t<\/a>\n\t\t<\/div>\n\t\t\t\t<\/div>\n\t\t\t\t<\/div>\n\t\t\t\t\t\t<\/div>\n\t\t\t\t\t<\/div>\n\t\t<\/div>\n\t\t\t\t\t\t\t\t<\/div>\n\t\t\t\t\t<\/div>\n\t\t<\/section>\n\t\t\t\t<section class=\"elementor-section elementor-top-section elementor-element elementor-element-5c7e20a elementor-section-full_width elementor-hidden-desktop elementor-hidden-tablet elementor-section-height-default elementor-section-height-default\" data-id=\"5c7e20a\" data-element_type=\"section\">\n\t\t\t\t\t\t<div class=\"elementor-container elementor-column-gap-default\">\n\t\t\t\t\t\t\t<div class=\"elementor-row\">\n\t\t\t\t\t<div class=\"elementor-column elementor-col-50 elementor-top-column elementor-element elementor-element-1191fec\" data-id=\"1191fec\" data-element_type=\"column\" data-settings=\"{&quot;background_background&quot;:&quot;classic&quot;}\">\n\t\t\t<div class=\"elementor-column-wrap elementor-element-populated\">\n\t\t\t\t\t\t\t<div class=\"elementor-widget-wrap\">\n\t\t\t\t\t\t<div class=\"elementor-element elementor-element-bb51ad9 elementor-widget elementor-widget-image\" data-id=\"bb51ad9\" data-element_type=\"widget\" data-widget_type=\"image.default\">\n\t\t\t\t<div class=\"elementor-widget-container\">\n\t\t\t\t\t\t\t\t<div class=\"elementor-image\">\n\t\t\t\t\t\t\t\t\t\t\t\t<img decoding=\"async\" width=\"1920\" height=\"1280\" src=\"https:\/\/www.mba-travel.com\/wp-content\/uploads\/2020\/08\/privatetransfer.jpg\" class=\"attachment-full size-full wp-image-61\" alt=\"Privatetransfer\" loading=\"lazy\" srcset=\"https:\/\/www.mba-travel.com\/wp-content\/uploads\/2020\/08\/privatetransfer.jpg 1920w, https:\/\/www.mba-travel.com\/wp-content\/uploads\/2020\/08\/privatetransfer-300x200.jpg 300w, https:\/\/www.mba-travel.com\/wp-content\/uploads\/2020\/08\/privatetransfer-1024x683.jpg 1024w, https:\/\/www.mba-travel.com\/wp-content\/uploads\/2020\/08\/privatetransfer-768x512.jpg 768w, https:\/\/www.mba-travel.com\/wp-content\/uploads\/2020\/08\/privatetransfer-1536x1024.jpg 1536w\" sizes=\"(max-width: 1920px) 100vw, 1920px\" \/>\t\t\t\t\t\t\t\t\t\t\t\t\t\t<\/div>\n\t\t\t\t\t\t<\/div>\n\t\t\t\t<\/div>\n\t\t\t\t\t\t<\/div>\n\t\t\t\t\t<\/div>\n\t\t<\/div>\n\t\t\t\t<div class=\"elementor-column elementor-col-50 elementor-top-column elementor-element elementor-element-5f68f99\" data-id=\"5f68f99\" data-element_type=\"column\" data-settings=\"{&quot;background_background&quot;:&quot;classic&quot;}\">\n\t\t\t<div class=\"elementor-column-wrap elementor-element-populated\">\n\t\t\t\t\t\t\t<div class=\"elementor-widget-wrap\">\n\t\t\t\t\t\t<div class=\"elementor-element elementor-element-ea64ca0 elementor-widget elementor-widget-heading\" data-id=\"ea64ca0\" data-element_type=\"widget\" data-widget_type=\"heading.default\">\n\t\t\t\t<div class=\"elementor-widget-container\">\n\t\t\t<h2 class=\"elementor-heading-title elementor-size-default\">Transfer Regular<\/h2>\t\t<\/div>\n\t\t\t\t<\/div>\n\t\t\t\t<div class=\"elementor-element elementor-element-73ba960 elementor-widget elementor-widget-text-editor\" data-id=\"73ba960\" data-element_type=\"widget\" data-widget_type=\"text-editor.default\">\n\t\t\t\t<div class=\"elementor-widget-container\">\n\t\t\t\t\t\t\t\t<div class=\"elementor-text-editor elementor-clearfix\">\n\t\t\t\t<p data-start=\"0\" data-end=\"415\">Este servi\u00e7o de <strong data-start=\"16\" data-end=\"39\">transfer em minibus<\/strong> acomoda at\u00e9 <strong data-start=\"52\" data-end=\"70\">16 passageiros<\/strong> em ve\u00edculos totalmente equipados e com <strong data-start=\"110\" data-end=\"129\">ar condicionado<\/strong>, garantindo conforto e seguran\u00e7a. Inclui <strong data-start=\"171\" data-end=\"202\">motorista fluente em ingl\u00eas<\/strong> e assist\u00eancia completa com bagagens. Est\u00e3o dispon\u00edveis <strong data-start=\"258\" data-end=\"315\">cadeiras de beb\u00e9 e assentos elevat\u00f3rios para crian\u00e7as<\/strong>, e alguns minibuses possuem <strong data-start=\"344\" data-end=\"381\">dist\u00e2ncia entre eixos extra longa<\/strong> para maior espa\u00e7o para bagagem.<\/p>\n<p data-start=\"417\" data-end=\"736\">Os <strong data-start=\"420\" data-end=\"526\">minibuses s\u00e3o ideais para grupos de golfe, passeios tur\u00edsticos ou fam\u00edlias numerosas com muita bagagem<\/strong>. Para grupos maiores, tamb\u00e9m disponibilizamos <strong data-start=\"573\" data-end=\"606\">autocarros de 28 a 49 lugares<\/strong>, perfeitos para <strong data-start=\"623\" data-end=\"660\">eventos, confer\u00eancias e excurs\u00f5es<\/strong>, oferecendo transporte vers\u00e1til e confort\u00e1vel para todas as necessidades.<\/p>\n<p><strong>Mais detalhes e reservas:<\/strong>\u00a0<a href=\"http:\/\/www.ezclick-transfers.com\/services\/regular-mini-bus-transfers-faro-airport-transfers\/\" target=\"_blank\" rel=\"noopener\" data-slimstat=\"5\">Transfers de Taxi a partir do Aeroporto de Faro, Lisboa e Porto<\/a><\/p>\t\t\t\t\t<\/div>\n\t\t\t\t\t\t<\/div>\n\t\t\t\t<\/div>\n\t\t\t\t<div class=\"elementor-element elementor-element-8a23ce8 elementor-widget elementor-widget-button\" data-id=\"8a23ce8\" data-element_type=\"widget\" data-widget_type=\"button.default\">\n\t\t\t\t<div class=\"elementor-widget-container\">\n\t\t\t\t\t<div class=\"elementor-button-wrapper\">\n\t\t\t<a href=\"https:\/\/www.mba-travel.com\/pt-pt\/contacto\/\" class=\"elementor-button-link elementor-button elementor-size-sm\" role=\"button\">\n\t\t\t\t\t\t<span class=\"elementor-button-content-wrapper\">\n\t\t\t\t\t\t<span class=\"elementor-button-text\">CONTACTO<\/span>\n\t\t<\/span>\n\t\t\t\t\t<\/a>\n\t\t<\/div>\n\t\t\t\t<\/div>\n\t\t\t\t<\/div>\n\t\t\t\t\t\t<\/div>\n\t\t\t\t\t<\/div>\n\t\t<\/div>\n\t\t\t\t\t\t\t\t<\/div>\n\t\t\t\t\t<\/div>\n\t\t<\/section>\n\t\t\t\t\t\t\t\t\t<\/div>\n\t\t\t<\/div>\n\t\t\t\t\t<\/div>\n\t\t","protected":false},"excerpt":{"rendered":"<p>TRANSFER REGULAR DE FARO SERVI\u00c7OS MBA TRAVEL Oferecemos t\u00e1xis privados, transfers em minibus, autocarros para golfe e passeios tur\u00edsticos, proporcionando transporte confort\u00e1vel, seguro e pontual para todos os tipos de viagem. Tamb\u00e9m atendemos necessidades especiais, incluindo transfers para passageiros com mobilidade reduzida, com ve\u00edculos especialmente adaptados que permitem viajar com a sua pr\u00f3pria cadeira de [&hellip;]<\/p>\n","protected":false},"author":1,"featured_media":224,"parent":0,"menu_order":0,"comment_status":"closed","ping_status":"closed","template":"","meta":{"slim_seo":{"title":"Transfer Regular - MBA Travel","description":"TRANSFER REGULAR DE FARO SERVI\u00c7OS MBA TRAVEL Oferecemos t\u00e1xis privados, transfers em minibus, autocarros para golfe e passeios tur\u00edsticos , proporcionando trans"}},"_links":{"self":[{"href":"https:\/\/www.mba-travel.com\/pt-pt\/wp-json\/wp\/v2\/pages\/219"}],"collection":[{"href":"https:\/\/www.mba-travel.com\/pt-pt\/wp-json\/wp\/v2\/pages"}],"about":[{"href":"https:\/\/www.mba-travel.com\/pt-pt\/wp-json\/wp\/v2\/types\/page"}],"author":[{"embeddable":true,"href":"https:\/\/www.mba-travel.com\/pt-pt\/wp-json\/wp\/v2\/users\/1"}],"replies":[{"embeddable":true,"href":"https:\/\/www.mba-travel.com\/pt-pt\/wp-json\/wp\/v2\/comments?post=219"}],"version-history":[{"count":17,"href":"https:\/\/www.mba-travel.com\/pt-pt\/wp-json\/wp\/v2\/pages\/219\/revisions"}],"predecessor-version":[{"id":944,"href":"https:\/\/www.mba-travel.com\/pt-pt\/wp-json\/wp\/v2\/pages\/219\/revisions\/944"}],"wp:featuredmedia":[{"embeddable":true,"href":"https:\/\/www.mba-travel.com\/pt-pt\/wp-json\/wp\/v2\/media\/224"}],"wp:attachment":[{"href":"https:\/\/www.mba-travel.com\/pt-pt\/wp-json\/wp\/v2\/media?parent=219"}],"curies":[{"name":"wp","href":"https:\/\/api.w.org\/{rel}","templated":true}]}}