{"id":207,"date":"2020-08-21T09:27:00","date_gmt":"2020-08-21T09:27:00","guid":{"rendered":"https:\/\/mba.page404.co\/taxi-privado-algarve\/"},"modified":"2026-02-20T09:41:43","modified_gmt":"2026-02-20T09:41:43","slug":"taxi-privado-algarve","status":"publish","type":"page","link":"https:\/\/www.mba-travel.com\/pt-pt\/taxi-privado-algarve\/","title":{"rendered":"TAXI PRIVADO ALGARVE"},"content":{"rendered":"\t\t<div data-elementor-type=\"wp-page\" data-elementor-id=\"207\" class=\"elementor elementor-207 elementor-127\">\n\t\t\t\t\t\t<div class=\"elementor-inner\">\n\t\t\t\t<div class=\"elementor-section-wrap\">\n\t\t\t\t\t\t\t\t\t<section class=\"elementor-section elementor-top-section elementor-element elementor-element-d263c45 elementor-section-height-min-height elementor-section-items-bottom elementor-section-boxed elementor-section-height-default\" data-id=\"d263c45\" data-element_type=\"section\" data-settings=\"{&quot;background_background&quot;:&quot;classic&quot;}\">\n\t\t\t\t\t\t\t<div class=\"elementor-background-overlay\"><\/div>\n\t\t\t\t\t\t\t<div class=\"elementor-container elementor-column-gap-default\">\n\t\t\t\t\t\t\t<div class=\"elementor-row\">\n\t\t\t\t\t<div class=\"elementor-column elementor-col-100 elementor-top-column elementor-element elementor-element-24450b9\" data-id=\"24450b9\" data-element_type=\"column\">\n\t\t\t<div class=\"elementor-column-wrap elementor-element-populated\">\n\t\t\t\t\t\t\t<div class=\"elementor-widget-wrap\">\n\t\t\t\t\t\t<div class=\"elementor-element elementor-element-471e896 elementor-widget elementor-widget-heading\" data-id=\"471e896\" data-element_type=\"widget\" data-widget_type=\"heading.default\">\n\t\t\t\t<div class=\"elementor-widget-container\">\n\t\t\t<h2 class=\"elementor-heading-title elementor-size-default\">TAXI PRIVADO ALGARVE<\/h2>\t\t<\/div>\n\t\t\t\t<\/div>\n\t\t\t\t\t\t<\/div>\n\t\t\t\t\t<\/div>\n\t\t<\/div>\n\t\t\t\t\t\t\t\t<\/div>\n\t\t\t\t\t<\/div>\n\t\t<\/section>\n\t\t\t\t<section class=\"elementor-section elementor-top-section elementor-element elementor-element-f949226 elementor-section-boxed elementor-section-height-default elementor-section-height-default\" data-id=\"f949226\" data-element_type=\"section\">\n\t\t\t\t\t\t<div class=\"elementor-container elementor-column-gap-default\">\n\t\t\t\t\t\t\t<div class=\"elementor-row\">\n\t\t\t\t\t<div class=\"elementor-column elementor-col-100 elementor-top-column elementor-element elementor-element-6a5ff35\" data-id=\"6a5ff35\" data-element_type=\"column\">\n\t\t\t<div class=\"elementor-column-wrap elementor-element-populated\">\n\t\t\t\t\t\t\t<div class=\"elementor-widget-wrap\">\n\t\t\t\t\t\t<div class=\"elementor-element elementor-element-92e53e0 elementor-widget elementor-widget-heading\" data-id=\"92e53e0\" data-element_type=\"widget\" data-widget_type=\"heading.default\">\n\t\t\t\t<div class=\"elementor-widget-container\">\n\t\t\t<h2 class=\"elementor-heading-title elementor-size-default\">SERVI\u00c7OS <b>MBA TRAVEL<\/b><\/h2>\t\t<\/div>\n\t\t\t\t<\/div>\n\t\t\t\t<div class=\"elementor-element elementor-element-0f4653e elementor-widget-divider--view-line_icon elementor-view-default elementor-widget-divider--element-align-center elementor-widget elementor-widget-divider\" data-id=\"0f4653e\" data-element_type=\"widget\" data-widget_type=\"divider.default\">\n\t\t\t\t<div class=\"elementor-widget-container\">\n\t\t\t\t\t<div class=\"elementor-divider\">\n\t\t\t<span class=\"elementor-divider-separator\">\n\t\t\t\t\t\t\t<div class=\"elementor-icon elementor-divider__element\">\n\t\t\t\t\t<i aria-hidden=\"true\" class=\"far fa-dot-circle\"><\/i><\/div>\n\t\t\t\t\t\t<\/span>\n\t\t<\/div>\n\t\t\t\t<\/div>\n\t\t\t\t<\/div>\n\t\t\t\t<div class=\"elementor-element elementor-element-c04e62b elementor-widget elementor-widget-text-editor\" data-id=\"c04e62b\" data-element_type=\"widget\" data-widget_type=\"text-editor.default\">\n\t\t\t\t<div class=\"elementor-widget-container\">\n\t\t\t\t\t\t\t\t<div class=\"elementor-text-editor elementor-clearfix\">\n\t\t\t\t<p data-start=\"0\" data-end=\"263\">Oferecemos <strong data-start=\"11\" data-end=\"106\">servi\u00e7os de t\u00e1xi privado, transfers em minibus, autocarros para golfe e passeios tur\u00edsticos<\/strong>, garantindo conforto, seguran\u00e7a e pontualidade em cada viagem. Disponibilizamos solu\u00e7\u00f5es personalizadas para indiv\u00edduos, grupos, eventos e viagens de golfe.<\/p><p data-start=\"265\" data-end=\"524\">Tamb\u00e9m atendemos necessidades espec\u00edficas, como <strong data-start=\"313\" data-end=\"363\">transfers para pessoas com mobilidade reduzida<\/strong>, com <strong data-start=\"369\" data-end=\"405\">ve\u00edculos especialmente adaptados<\/strong> que permitem aos passageiros viajar com a sua pr\u00f3pria cadeira de rodas, assegurando total acessibilidade e comodidade.<\/p><p data-start=\"526\" data-end=\"696\">Realizamos <strong data-start=\"537\" data-end=\"606\">transfers em Portugal e no sul de Espanha, na regi\u00e3o da Andaluzia<\/strong>, com motoristas profissionais e frota moderna preparada para oferecer um servi\u00e7o premium.<\/p>\t\t\t\t\t<\/div>\n\t\t\t\t\t\t<\/div>\n\t\t\t\t<\/div>\n\t\t\t\t\t\t<\/div>\n\t\t\t\t\t<\/div>\n\t\t<\/div>\n\t\t\t\t\t\t\t\t<\/div>\n\t\t\t\t\t<\/div>\n\t\t<\/section>\n\t\t\t\t<section class=\"elementor-section elementor-top-section elementor-element elementor-element-31ee01f elementor-section-full_width elementor-hidden-mobile elementor-section-height-default elementor-section-height-default\" data-id=\"31ee01f\" data-element_type=\"section\">\n\t\t\t\t\t\t<div class=\"elementor-container elementor-column-gap-default\">\n\t\t\t\t\t\t\t<div class=\"elementor-row\">\n\t\t\t\t\t<div class=\"elementor-column elementor-col-50 elementor-top-column elementor-element elementor-element-23696ba\" data-id=\"23696ba\" data-element_type=\"column\" data-settings=\"{&quot;background_background&quot;:&quot;classic&quot;}\">\n\t\t\t<div class=\"elementor-column-wrap\">\n\t\t\t\t\t\t\t<div class=\"elementor-widget-wrap\">\n\t\t\t\t\t\t\t\t<\/div>\n\t\t\t\t\t<\/div>\n\t\t<\/div>\n\t\t\t\t<div class=\"elementor-column elementor-col-50 elementor-top-column elementor-element elementor-element-637fdf9\" data-id=\"637fdf9\" data-element_type=\"column\" data-settings=\"{&quot;background_background&quot;:&quot;classic&quot;}\">\n\t\t\t<div class=\"elementor-column-wrap elementor-element-populated\">\n\t\t\t\t\t\t\t<div class=\"elementor-widget-wrap\">\n\t\t\t\t\t\t<div class=\"elementor-element elementor-element-9a29aa7 elementor-widget elementor-widget-heading\" data-id=\"9a29aa7\" data-element_type=\"widget\" data-widget_type=\"heading.default\">\n\t\t\t\t<div class=\"elementor-widget-container\">\n\t\t\t<h2 class=\"elementor-heading-title elementor-size-default\">Taxi Privado<\/h2>\t\t<\/div>\n\t\t\t\t<\/div>\n\t\t\t\t<div class=\"elementor-element elementor-element-a2f8bde elementor-widget elementor-widget-text-editor\" data-id=\"a2f8bde\" data-element_type=\"widget\" data-widget_type=\"text-editor.default\">\n\t\t\t\t<div class=\"elementor-widget-container\">\n\t\t\t\t\t\t\t\t<div class=\"elementor-text-editor elementor-clearfix\">\n\t\t\t\t<p data-start=\"0\" data-end=\"384\">O <strong data-start=\"2\" data-end=\"46\">transporte a partir do Aeroporto de Faro<\/strong> \u00e9 realizado em <strong data-start=\"62\" data-end=\"117\">ve\u00edculo privado com motorista bil\u00edngue e licenciado<\/strong>, garantindo seguran\u00e7a, pontualidade e atendimento personalizado. O autom\u00f3vel \u00e9 <strong data-start=\"197\" data-end=\"243\">confort\u00e1vel, moderno e com ar condicionado<\/strong>, com capacidade at\u00e9 <strong data-start=\"264\" data-end=\"281\">3 passageiros<\/strong>. Est\u00e3o dispon\u00edveis, mediante solicita\u00e7\u00e3o, <strong data-start=\"324\" data-end=\"383\">cadeiras para beb\u00e9 e assentos elevat\u00f3rios para crian\u00e7as<\/strong>.<\/p><p data-start=\"386\" data-end=\"610\">Este servi\u00e7o de <strong data-start=\"402\" data-end=\"433\">transfer premium no Algarve<\/strong> tamb\u00e9m pode ser reservado para <strong data-start=\"465\" data-end=\"568\">passeios tur\u00edsticos, viagens de compras, restaurantes, casamentos, espet\u00e1culos e eventos exclusivos<\/strong>, oferecendo total comodidade e discri\u00e7\u00e3o.<\/p><p><strong>Mais detalhes e reservas:<\/strong>\u00a0<a href=\"http:\/\/www.ezclick-transfers.com\/services\/corporate-taxi-transfers-taxi-airport-transfers\/\" target=\"_blank\" rel=\"noopener\" data-slimstat=\"5\">Transfers de Taxi dos Aeroportos de Faro, Lisboa e Porto<\/a><\/p>\t\t\t\t\t<\/div>\n\t\t\t\t\t\t<\/div>\n\t\t\t\t<\/div>\n\t\t\t\t<div class=\"elementor-element elementor-element-8a949a8 elementor-widget elementor-widget-button\" data-id=\"8a949a8\" data-element_type=\"widget\" data-widget_type=\"button.default\">\n\t\t\t\t<div class=\"elementor-widget-container\">\n\t\t\t\t\t<div class=\"elementor-button-wrapper\">\n\t\t\t<a href=\"https:\/\/www.mba-travel.com\/pt-pt\/contacto\/\" class=\"elementor-button-link elementor-button elementor-size-sm\" role=\"button\">\n\t\t\t\t\t\t<span class=\"elementor-button-content-wrapper\">\n\t\t\t\t\t\t<span class=\"elementor-button-text\">CONTACTO<\/span>\n\t\t<\/span>\n\t\t\t\t\t<\/a>\n\t\t<\/div>\n\t\t\t\t<\/div>\n\t\t\t\t<\/div>\n\t\t\t\t\t\t<\/div>\n\t\t\t\t\t<\/div>\n\t\t<\/div>\n\t\t\t\t\t\t\t\t<\/div>\n\t\t\t\t\t<\/div>\n\t\t<\/section>\n\t\t\t\t<section class=\"elementor-section elementor-top-section elementor-element elementor-element-643c065 elementor-section-full_width elementor-hidden-desktop elementor-hidden-tablet elementor-section-height-default elementor-section-height-default\" data-id=\"643c065\" data-element_type=\"section\">\n\t\t\t\t\t\t<div class=\"elementor-container elementor-column-gap-default\">\n\t\t\t\t\t\t\t<div class=\"elementor-row\">\n\t\t\t\t\t<div class=\"elementor-column elementor-col-50 elementor-top-column elementor-element elementor-element-df0b655\" data-id=\"df0b655\" data-element_type=\"column\" data-settings=\"{&quot;background_background&quot;:&quot;classic&quot;}\">\n\t\t\t<div class=\"elementor-column-wrap elementor-element-populated\">\n\t\t\t\t\t\t\t<div class=\"elementor-widget-wrap\">\n\t\t\t\t\t\t<div class=\"elementor-element elementor-element-53000a0 elementor-widget elementor-widget-image\" data-id=\"53000a0\" data-element_type=\"widget\" data-widget_type=\"image.default\">\n\t\t\t\t<div class=\"elementor-widget-container\">\n\t\t\t\t\t\t\t\t<div class=\"elementor-image\">\n\t\t\t\t\t\t\t\t\t\t\t\t<img decoding=\"async\" width=\"1920\" height=\"1440\" src=\"https:\/\/www.mba-travel.com\/wp-content\/uploads\/2020\/08\/g8.jpeg\" class=\"attachment-full size-full wp-image-51\" alt=\"G8\" loading=\"lazy\" srcset=\"https:\/\/www.mba-travel.com\/wp-content\/uploads\/2020\/08\/g8.jpeg 1920w, https:\/\/www.mba-travel.com\/wp-content\/uploads\/2020\/08\/g8-300x225.jpeg 300w, https:\/\/www.mba-travel.com\/wp-content\/uploads\/2020\/08\/g8-1024x768.jpeg 1024w, https:\/\/www.mba-travel.com\/wp-content\/uploads\/2020\/08\/g8-768x576.jpeg 768w, https:\/\/www.mba-travel.com\/wp-content\/uploads\/2020\/08\/g8-1536x1152.jpeg 1536w\" sizes=\"(max-width: 1920px) 100vw, 1920px\" \/>\t\t\t\t\t\t\t\t\t\t\t\t\t\t<\/div>\n\t\t\t\t\t\t<\/div>\n\t\t\t\t<\/div>\n\t\t\t\t\t\t<\/div>\n\t\t\t\t\t<\/div>\n\t\t<\/div>\n\t\t\t\t<div class=\"elementor-column elementor-col-50 elementor-top-column elementor-element elementor-element-8708368\" data-id=\"8708368\" data-element_type=\"column\" data-settings=\"{&quot;background_background&quot;:&quot;classic&quot;}\">\n\t\t\t<div class=\"elementor-column-wrap elementor-element-populated\">\n\t\t\t\t\t\t\t<div class=\"elementor-widget-wrap\">\n\t\t\t\t\t\t<div class=\"elementor-element elementor-element-f7c7395 elementor-widget elementor-widget-heading\" data-id=\"f7c7395\" data-element_type=\"widget\" data-widget_type=\"heading.default\">\n\t\t\t\t<div class=\"elementor-widget-container\">\n\t\t\t<h2 class=\"elementor-heading-title elementor-size-default\">Taxi Privado<\/h2>\t\t<\/div>\n\t\t\t\t<\/div>\n\t\t\t\t<div class=\"elementor-element elementor-element-39cea81 elementor-widget elementor-widget-text-editor\" data-id=\"39cea81\" data-element_type=\"widget\" data-widget_type=\"text-editor.default\">\n\t\t\t\t<div class=\"elementor-widget-container\">\n\t\t\t\t\t\t\t\t<div class=\"elementor-text-editor elementor-clearfix\">\n\t\t\t\t<p data-start=\"0\" data-end=\"384\">O <strong data-start=\"2\" data-end=\"46\">transporte a partir do Aeroporto de Faro<\/strong> \u00e9 realizado em <strong data-start=\"62\" data-end=\"117\">ve\u00edculo privado com motorista bil\u00edngue e licenciado<\/strong>, garantindo seguran\u00e7a, pontualidade e atendimento personalizado. O autom\u00f3vel \u00e9 <strong data-start=\"197\" data-end=\"243\">confort\u00e1vel, moderno e com ar condicionado<\/strong>, com capacidade at\u00e9 <strong data-start=\"264\" data-end=\"281\">3 passageiros<\/strong>. Est\u00e3o dispon\u00edveis, mediante solicita\u00e7\u00e3o, <strong data-start=\"324\" data-end=\"383\">cadeiras para beb\u00e9 e assentos elevat\u00f3rios para crian\u00e7as<\/strong>.<\/p><p data-start=\"386\" data-end=\"610\">Este servi\u00e7o de <strong data-start=\"402\" data-end=\"433\">transfer premium no Algarve<\/strong> tamb\u00e9m pode ser reservado para <strong data-start=\"465\" data-end=\"568\">passeios tur\u00edsticos, viagens de compras, restaurantes, casamentos, espet\u00e1culos e eventos exclusivos<\/strong>, oferecendo total comodidade e discri\u00e7\u00e3o.<\/p><p><strong>Mais detalhes e reservas:<\/strong>\u00a0<a href=\"http:\/\/www.ezclick-transfers.com\/services\/corporate-taxi-transfers-taxi-airport-transfers\/\" target=\"_blank\" rel=\"noopener\" data-slimstat=\"5\">Transfers de Taxi dos Aeroportos de Faro, Lisboa e Porto<\/a><\/p>\t\t\t\t\t<\/div>\n\t\t\t\t\t\t<\/div>\n\t\t\t\t<\/div>\n\t\t\t\t<div class=\"elementor-element elementor-element-f5673c8 elementor-widget elementor-widget-button\" data-id=\"f5673c8\" data-element_type=\"widget\" data-widget_type=\"button.default\">\n\t\t\t\t<div class=\"elementor-widget-container\">\n\t\t\t\t\t<div class=\"elementor-button-wrapper\">\n\t\t\t<a href=\"https:\/\/www.mba-travel.com\/pt-pt\/contacto\/\" class=\"elementor-button-link elementor-button elementor-size-sm\" role=\"button\">\n\t\t\t\t\t\t<span class=\"elementor-button-content-wrapper\">\n\t\t\t\t\t\t<span class=\"elementor-button-text\">CONTACTO<\/span>\n\t\t<\/span>\n\t\t\t\t\t<\/a>\n\t\t<\/div>\n\t\t\t\t<\/div>\n\t\t\t\t<\/div>\n\t\t\t\t\t\t<\/div>\n\t\t\t\t\t<\/div>\n\t\t<\/div>\n\t\t\t\t\t\t\t\t<\/div>\n\t\t\t\t\t<\/div>\n\t\t<\/section>\n\t\t\t\t\t\t\t\t\t<\/div>\n\t\t\t<\/div>\n\t\t\t\t\t<\/div>\n\t\t","protected":false},"excerpt":{"rendered":"<p>TAXI PRIVADO ALGARVE SERVI\u00c7OS MBA TRAVEL Oferecemos servi\u00e7os de t\u00e1xi privado, transfers em minibus, autocarros para golfe e passeios tur\u00edsticos, garantindo conforto, seguran\u00e7a e pontualidade em cada viagem. Disponibilizamos solu\u00e7\u00f5es personalizadas para indiv\u00edduos, grupos, eventos e viagens de golfe. Tamb\u00e9m atendemos necessidades espec\u00edficas, como transfers para pessoas com mobilidade reduzida, com ve\u00edculos especialmente adaptados que [&hellip;]<\/p>\n","protected":false},"author":1,"featured_media":137,"parent":0,"menu_order":0,"comment_status":"closed","ping_status":"closed","template":"","meta":{"slim_seo":{"title":"TAXI PRIVADO ALGARVE - MBA Travel","description":"TAXI PRIVADO ALGARVE SERVI\u00c7OS MBA TRAVEL Oferecemos servi\u00e7os de t\u00e1xi privado, transfers em minibus, autocarros para golfe e passeios tur\u00edsticos , garantindo con"}},"_links":{"self":[{"href":"https:\/\/www.mba-travel.com\/pt-pt\/wp-json\/wp\/v2\/pages\/207"}],"collection":[{"href":"https:\/\/www.mba-travel.com\/pt-pt\/wp-json\/wp\/v2\/pages"}],"about":[{"href":"https:\/\/www.mba-travel.com\/pt-pt\/wp-json\/wp\/v2\/types\/page"}],"author":[{"embeddable":true,"href":"https:\/\/www.mba-travel.com\/pt-pt\/wp-json\/wp\/v2\/users\/1"}],"replies":[{"embeddable":true,"href":"https:\/\/www.mba-travel.com\/pt-pt\/wp-json\/wp\/v2\/comments?post=207"}],"version-history":[{"count":22,"href":"https:\/\/www.mba-travel.com\/pt-pt\/wp-json\/wp\/v2\/pages\/207\/revisions"}],"predecessor-version":[{"id":941,"href":"https:\/\/www.mba-travel.com\/pt-pt\/wp-json\/wp\/v2\/pages\/207\/revisions\/941"}],"wp:featuredmedia":[{"embeddable":true,"href":"https:\/\/www.mba-travel.com\/pt-pt\/wp-json\/wp\/v2\/media\/137"}],"wp:attachment":[{"href":"https:\/\/www.mba-travel.com\/pt-pt\/wp-json\/wp\/v2\/media?parent=207"}],"curies":[{"name":"wp","href":"https:\/\/api.w.org\/{rel}","templated":true}]}}