{"id":201,"date":"2020-08-21T09:10:46","date_gmt":"2020-08-21T09:10:46","guid":{"rendered":"https:\/\/mba.page404.co\/sobre-nos\/"},"modified":"2026-02-20T09:28:59","modified_gmt":"2026-02-20T09:28:59","slug":"sobre-nos","status":"publish","type":"page","link":"https:\/\/www.mba-travel.com\/pt-pt\/sobre-nos\/","title":{"rendered":"Sobre N\u00f3s"},"content":{"rendered":"\t\t<div data-elementor-type=\"wp-page\" data-elementor-id=\"201\" class=\"elementor elementor-201 elementor-91\">\n\t\t\t\t\t\t<div class=\"elementor-inner\">\n\t\t\t\t<div class=\"elementor-section-wrap\">\n\t\t\t\t\t\t\t\t\t<section class=\"elementor-section elementor-top-section elementor-element elementor-element-8edea2a elementor-section-height-min-height elementor-section-items-bottom elementor-section-boxed elementor-section-height-default\" data-id=\"8edea2a\" data-element_type=\"section\" data-settings=\"{&quot;background_background&quot;:&quot;classic&quot;}\">\n\t\t\t\t\t\t\t<div class=\"elementor-background-overlay\"><\/div>\n\t\t\t\t\t\t\t<div class=\"elementor-container elementor-column-gap-default\">\n\t\t\t\t\t\t\t<div class=\"elementor-row\">\n\t\t\t\t\t<div class=\"elementor-column elementor-col-100 elementor-top-column elementor-element elementor-element-b146d7f\" data-id=\"b146d7f\" data-element_type=\"column\">\n\t\t\t<div class=\"elementor-column-wrap elementor-element-populated\">\n\t\t\t\t\t\t\t<div class=\"elementor-widget-wrap\">\n\t\t\t\t\t\t<div class=\"elementor-element elementor-element-05c9027 elementor-widget elementor-widget-heading\" data-id=\"05c9027\" data-element_type=\"widget\" data-widget_type=\"heading.default\">\n\t\t\t\t<div class=\"elementor-widget-container\">\n\t\t\t<h2 class=\"elementor-heading-title elementor-size-default\">Sobre N\u00f3s<\/h2>\t\t<\/div>\n\t\t\t\t<\/div>\n\t\t\t\t\t\t<\/div>\n\t\t\t\t\t<\/div>\n\t\t<\/div>\n\t\t\t\t\t\t\t\t<\/div>\n\t\t\t\t\t<\/div>\n\t\t<\/section>\n\t\t\t\t<section class=\"elementor-section elementor-top-section elementor-element elementor-element-13da8bd elementor-section-boxed elementor-section-height-default elementor-section-height-default\" data-id=\"13da8bd\" data-element_type=\"section\">\n\t\t\t\t\t\t<div class=\"elementor-container elementor-column-gap-default\">\n\t\t\t\t\t\t\t<div class=\"elementor-row\">\n\t\t\t\t\t<div class=\"elementor-column elementor-col-100 elementor-top-column elementor-element elementor-element-d94df5b\" data-id=\"d94df5b\" data-element_type=\"column\">\n\t\t\t<div class=\"elementor-column-wrap elementor-element-populated\">\n\t\t\t\t\t\t\t<div class=\"elementor-widget-wrap\">\n\t\t\t\t\t\t<div class=\"elementor-element elementor-element-7ca2756 elementor-widget elementor-widget-heading\" data-id=\"7ca2756\" data-element_type=\"widget\" data-widget_type=\"heading.default\">\n\t\t\t\t<div class=\"elementor-widget-container\">\n\t\t\t<h2 class=\"elementor-heading-title elementor-size-default\">CONFI\u00c1VEL, RESPONS\u00c1VEL, R\u00c1PIDO<\/h2>\t\t<\/div>\n\t\t\t\t<\/div>\n\t\t\t\t<div class=\"elementor-element elementor-element-ffc4ecb elementor-widget-divider--view-line_icon elementor-view-default elementor-widget-divider--element-align-center elementor-widget elementor-widget-divider\" data-id=\"ffc4ecb\" data-element_type=\"widget\" data-widget_type=\"divider.default\">\n\t\t\t\t<div class=\"elementor-widget-container\">\n\t\t\t\t\t<div class=\"elementor-divider\">\n\t\t\t<span class=\"elementor-divider-separator\">\n\t\t\t\t\t\t\t<div class=\"elementor-icon elementor-divider__element\">\n\t\t\t\t\t<i aria-hidden=\"true\" class=\"far fa-dot-circle\"><\/i><\/div>\n\t\t\t\t\t\t<\/span>\n\t\t<\/div>\n\t\t\t\t<\/div>\n\t\t\t\t<\/div>\n\t\t\t\t<div class=\"elementor-element elementor-element-8b27801 elementor-widget elementor-widget-text-editor\" data-id=\"8b27801\" data-element_type=\"widget\" data-widget_type=\"text-editor.default\">\n\t\t\t\t<div class=\"elementor-widget-container\">\n\t\t\t\t\t\t\t\t<div class=\"elementor-text-editor elementor-clearfix\">\n\t\t\t\t<p data-start=\"0\" data-end=\"318\"><strong data-start=\"0\" data-end=\"33\">Transfers de golfe no Algarve<\/strong> com liga\u00e7\u00f5es diretas ao <strong data-start=\"58\" data-end=\"79\">Aeroporto de Faro<\/strong> e aos principais destinos de golfe em <strong data-start=\"118\" data-end=\"165\" data-is-only-node=\"\">Vilamoura, Albufeira, Alvor, Lagos e Tavira<\/strong>. Servi\u00e7o dispon\u00edvel em <strong data-start=\"189\" data-end=\"224\">minibuses e autocarros modernos<\/strong>, ideais para grupos e equipados para transportar confortavelmente jogadores e sacos de golfe.<\/p><p data-start=\"320\" data-end=\"450\">Garantimos pontualidade, conforto e motoristas experientes para uma experi\u00eancia premium de transporte de golfe no sul de Portugal.<\/p>\t\t\t\t\t<\/div>\n\t\t\t\t\t\t<\/div>\n\t\t\t\t<\/div>\n\t\t\t\t\t\t<\/div>\n\t\t\t\t\t<\/div>\n\t\t<\/div>\n\t\t\t\t\t\t\t\t<\/div>\n\t\t\t\t\t<\/div>\n\t\t<\/section>\n\t\t\t\t<section class=\"elementor-section elementor-top-section elementor-element elementor-element-9f05bdd elementor-section-full_width elementor-hidden-desktop elementor-hidden-tablet elementor-section-height-default elementor-section-height-default\" data-id=\"9f05bdd\" data-element_type=\"section\">\n\t\t\t\t\t\t<div class=\"elementor-container elementor-column-gap-default\">\n\t\t\t\t\t\t\t<div class=\"elementor-row\">\n\t\t\t\t\t<div class=\"elementor-column elementor-col-50 elementor-top-column elementor-element elementor-element-b1064f4\" data-id=\"b1064f4\" data-element_type=\"column\">\n\t\t\t<div class=\"elementor-column-wrap elementor-element-populated\">\n\t\t\t\t\t\t\t<div class=\"elementor-widget-wrap\">\n\t\t\t\t\t\t<div class=\"elementor-element elementor-element-056b972 elementor-widget elementor-widget-image\" data-id=\"056b972\" data-element_type=\"widget\" data-widget_type=\"image.default\">\n\t\t\t\t<div class=\"elementor-widget-container\">\n\t\t\t\t\t\t\t\t<div class=\"elementor-image\">\n\t\t\t\t\t\t\t\t\t\t\t\t<img decoding=\"async\" width=\"1920\" height=\"1440\" src=\"https:\/\/www.mba-travel.com\/wp-content\/uploads\/2020\/08\/AboutUs-640x480-1.jpg\" class=\"attachment-full size-full wp-image-35\" alt=\"AboutUs 640x480\" loading=\"lazy\" srcset=\"https:\/\/www.mba-travel.com\/wp-content\/uploads\/2020\/08\/AboutUs-640x480-1.jpg 1920w, https:\/\/www.mba-travel.com\/wp-content\/uploads\/2020\/08\/AboutUs-640x480-1-300x225.jpg 300w, https:\/\/www.mba-travel.com\/wp-content\/uploads\/2020\/08\/AboutUs-640x480-1-1024x768.jpg 1024w, https:\/\/www.mba-travel.com\/wp-content\/uploads\/2020\/08\/AboutUs-640x480-1-768x576.jpg 768w, https:\/\/www.mba-travel.com\/wp-content\/uploads\/2020\/08\/AboutUs-640x480-1-1536x1152.jpg 1536w\" sizes=\"(max-width: 1920px) 100vw, 1920px\" \/>\t\t\t\t\t\t\t\t\t\t\t\t\t\t<\/div>\n\t\t\t\t\t\t<\/div>\n\t\t\t\t<\/div>\n\t\t\t\t\t\t<\/div>\n\t\t\t\t\t<\/div>\n\t\t<\/div>\n\t\t\t\t<div class=\"elementor-column elementor-col-50 elementor-top-column elementor-element elementor-element-af35a0b\" data-id=\"af35a0b\" data-element_type=\"column\" data-settings=\"{&quot;background_background&quot;:&quot;classic&quot;}\">\n\t\t\t<div class=\"elementor-column-wrap elementor-element-populated\">\n\t\t\t\t\t\t\t<div class=\"elementor-widget-wrap\">\n\t\t\t\t\t\t<div class=\"elementor-element elementor-element-523a0e6 elementor-widget elementor-widget-heading\" data-id=\"523a0e6\" data-element_type=\"widget\" data-widget_type=\"heading.default\">\n\t\t\t\t<div class=\"elementor-widget-container\">\n\t\t\t<h2 class=\"elementor-heading-title elementor-size-default\">A MBA TRAVEL foi criada em 1995 com a miss\u00e3o de prestar servi\u00e7os de transfers de qualidade no Algarve.\u200b<\/h2>\t\t<\/div>\n\t\t\t\t<\/div>\n\t\t\t\t<div class=\"elementor-element elementor-element-b09698e elementor-widget elementor-widget-text-editor\" data-id=\"b09698e\" data-element_type=\"widget\" data-widget_type=\"text-editor.default\">\n\t\t\t\t<div class=\"elementor-widget-container\">\n\t\t\t\t\t\t\t\t<div class=\"elementor-text-editor elementor-clearfix\">\n\t\t\t\t<p data-start=\"0\" data-end=\"368\">Inicialmente, com <strong data-start=\"18\" data-end=\"61\">5 mini-\u00f4nibus totalmente personalizados<\/strong>, equipados com <strong data-start=\"77\" data-end=\"163\">ar condicionado individual e assentos confort\u00e1veis com amplo espa\u00e7o para as pernas<\/strong>, os nossos servi\u00e7os de transfer impulsionaram o crescimento da <strong data-start=\"227\" data-end=\"268\"><span class=\"hover:entity-accent entity-underline inline cursor-pointer align-baseline\"><span class=\"whitespace-normal\">MBA Travel<\/span><\/span><\/strong> para uma frota moderna composta por <strong data-start=\"305\" data-end=\"367\">10 minibuses e 2 ve\u00edculos adaptados para cadeiras de rodas<\/strong>.<\/p><p data-start=\"370\" data-end=\"633\">Atualmente, a <strong data-start=\"384\" data-end=\"425\"><span class=\"hover:entity-accent entity-underline inline cursor-pointer align-baseline\"><span class=\"whitespace-normal\">MBA Travel<\/span><\/span><\/strong> \u00e9 uma empresa de <strong data-start=\"443\" data-end=\"475\">transfers premium no Algarve<\/strong>, parceira exclusiva da maioria dos <strong data-start=\"511\" data-end=\"549\">hot\u00e9is de cinco estrelas da regi\u00e3o<\/strong>, assegurando transporte para clientes dos principais operadores e resorts de golfe.<\/p><p data-start=\"635\" data-end=\"863\">Al\u00e9m dos <strong data-start=\"644\" data-end=\"696\">servi\u00e7os especializados para mobilidade reduzida<\/strong>, a empresa expandiu a sua oferta para incluir <strong data-start=\"743\" data-end=\"793\">transporte em autocarros para grupos e eventos<\/strong>, mantendo elevados padr\u00f5es de conforto, seguran\u00e7a e profissionalismo.<\/p>\t\t\t\t\t<\/div>\n\t\t\t\t\t\t<\/div>\n\t\t\t\t<\/div>\n\t\t\t\t\t\t<\/div>\n\t\t\t\t\t<\/div>\n\t\t<\/div>\n\t\t\t\t\t\t\t\t<\/div>\n\t\t\t\t\t<\/div>\n\t\t<\/section>\n\t\t\t\t<section class=\"elementor-section elementor-top-section elementor-element elementor-element-863cbde elementor-section-full_width elementor-hidden-mobile elementor-section-height-default elementor-section-height-default\" data-id=\"863cbde\" data-element_type=\"section\">\n\t\t\t\t\t\t<div class=\"elementor-container elementor-column-gap-default\">\n\t\t\t\t\t\t\t<div class=\"elementor-row\">\n\t\t\t\t\t<div class=\"elementor-column elementor-col-50 elementor-top-column elementor-element elementor-element-ccc859d\" data-id=\"ccc859d\" data-element_type=\"column\" data-settings=\"{&quot;background_background&quot;:&quot;classic&quot;}\">\n\t\t\t<div class=\"elementor-column-wrap\">\n\t\t\t\t\t\t\t<div class=\"elementor-widget-wrap\">\n\t\t\t\t\t\t\t\t<\/div>\n\t\t\t\t\t<\/div>\n\t\t<\/div>\n\t\t\t\t<div class=\"elementor-column elementor-col-50 elementor-top-column elementor-element elementor-element-7cd9135\" data-id=\"7cd9135\" data-element_type=\"column\" data-settings=\"{&quot;background_background&quot;:&quot;classic&quot;}\">\n\t\t\t<div class=\"elementor-column-wrap elementor-element-populated\">\n\t\t\t\t\t\t\t<div class=\"elementor-widget-wrap\">\n\t\t\t\t\t\t<div class=\"elementor-element elementor-element-82bc061 elementor-widget elementor-widget-heading\" data-id=\"82bc061\" data-element_type=\"widget\" data-widget_type=\"heading.default\">\n\t\t\t\t<div class=\"elementor-widget-container\">\n\t\t\t<h2 class=\"elementor-heading-title elementor-size-default\">A MBA TRAVEL foi criada em 1995 com a miss\u00e3o de prestar servi\u00e7os de transfers de qualidade no Algarve.\u200b<\/h2>\t\t<\/div>\n\t\t\t\t<\/div>\n\t\t\t\t<div class=\"elementor-element elementor-element-5b11047 elementor-widget elementor-widget-text-editor\" data-id=\"5b11047\" data-element_type=\"widget\" data-widget_type=\"text-editor.default\">\n\t\t\t\t<div class=\"elementor-widget-container\">\n\t\t\t\t\t\t\t\t<div class=\"elementor-text-editor elementor-clearfix\">\n\t\t\t\t<p data-start=\"0\" data-end=\"368\">Inicialmente, com <strong data-start=\"18\" data-end=\"61\">5 mini-\u00f4nibus totalmente personalizados<\/strong>, equipados com <strong data-start=\"77\" data-end=\"163\">ar condicionado individual e assentos confort\u00e1veis com amplo espa\u00e7o para as pernas<\/strong>, os nossos servi\u00e7os de transfer impulsionaram o crescimento da <strong data-start=\"227\" data-end=\"268\"><span class=\"hover:entity-accent entity-underline inline cursor-pointer align-baseline\"><span class=\"whitespace-normal\">MBA Travel<\/span><\/span><\/strong> para uma frota moderna composta por <strong data-start=\"305\" data-end=\"367\">10 minibuses e 2 ve\u00edculos adaptados para cadeiras de rodas<\/strong>.<\/p><p data-start=\"370\" data-end=\"633\">Atualmente, a <strong data-start=\"384\" data-end=\"425\"><span class=\"hover:entity-accent entity-underline inline cursor-pointer align-baseline\"><span class=\"whitespace-normal\">MBA Travel<\/span><\/span><\/strong> \u00e9 uma empresa de <strong data-start=\"443\" data-end=\"475\">transfers premium no Algarve<\/strong>, parceira exclusiva da maioria dos <strong data-start=\"511\" data-end=\"549\">hot\u00e9is de cinco estrelas da regi\u00e3o<\/strong>, assegurando transporte para clientes dos principais operadores e resorts de golfe.<\/p><p data-start=\"635\" data-end=\"863\">Al\u00e9m dos <strong data-start=\"644\" data-end=\"696\">servi\u00e7os especializados para mobilidade reduzida<\/strong>, a empresa expandiu a sua oferta para incluir <strong data-start=\"743\" data-end=\"793\">transporte em autocarros para grupos e eventos<\/strong>, mantendo elevados padr\u00f5es de conforto, seguran\u00e7a e profissionalismo.<\/p>\t\t\t\t\t<\/div>\n\t\t\t\t\t\t<\/div>\n\t\t\t\t<\/div>\n\t\t\t\t\t\t<\/div>\n\t\t\t\t\t<\/div>\n\t\t<\/div>\n\t\t\t\t\t\t\t\t<\/div>\n\t\t\t\t\t<\/div>\n\t\t<\/section>\n\t\t\t\t<section class=\"elementor-section elementor-top-section elementor-element elementor-element-18233fe elementor-section-full_width elementor-section-height-default elementor-section-height-default\" data-id=\"18233fe\" data-element_type=\"section\" data-settings=\"{&quot;background_background&quot;:&quot;classic&quot;}\">\n\t\t\t\t\t\t<div class=\"elementor-container elementor-column-gap-default\">\n\t\t\t\t\t\t\t<div class=\"elementor-row\">\n\t\t\t\t\t<div class=\"elementor-column elementor-col-100 elementor-top-column elementor-element elementor-element-faa9d9e\" data-id=\"faa9d9e\" data-element_type=\"column\">\n\t\t\t<div class=\"elementor-column-wrap elementor-element-populated\">\n\t\t\t\t\t\t\t<div class=\"elementor-widget-wrap\">\n\t\t\t\t\t\t<div class=\"elementor-element elementor-element-d8f34a1 elementor-widget elementor-widget-heading\" data-id=\"d8f34a1\" data-element_type=\"widget\" data-widget_type=\"heading.default\">\n\t\t\t\t<div class=\"elementor-widget-container\">\n\t\t\t<h2 class=\"elementor-heading-title elementor-size-default\"><b>GALERIA<\/b>\u2026 EQUIPA E FROTA<\/h2>\t\t<\/div>\n\t\t\t\t<\/div>\n\t\t\t\t<div class=\"elementor-element elementor-element-88d8686 elementor-widget elementor-widget-text-editor\" data-id=\"88d8686\" data-element_type=\"widget\" data-widget_type=\"text-editor.default\">\n\t\t\t\t<div class=\"elementor-widget-container\">\n\t\t\t\t\t\t\t\t<div class=\"elementor-text-editor elementor-clearfix\">\n\t\t\t\t<p style=\"text-align: center;\">D\u00ea uma olhada em algumas dos nossos tranfers para o aeroporto. Uma sele\u00e7\u00e3o de fotos tiradas por n\u00f3s ou enviadas pelos nossos clientes com a nossa frota e equipa&#8230;<\/p>\t\t\t\t\t<\/div>\n\t\t\t\t\t\t<\/div>\n\t\t\t\t<\/div>\n\t\t\t\t<div class=\"elementor-element elementor-element-8769d1c elementor-widget elementor-widget-gallery\" data-id=\"8769d1c\" data-element_type=\"widget\" data-settings=\"{&quot;columns&quot;:3,&quot;lazyload&quot;:&quot;yes&quot;,&quot;gallery_layout&quot;:&quot;grid&quot;,&quot;columns_tablet&quot;:2,&quot;columns_mobile&quot;:1,&quot;gap&quot;:{&quot;unit&quot;:&quot;px&quot;,&quot;size&quot;:10,&quot;sizes&quot;:[]},&quot;gap_tablet&quot;:{&quot;unit&quot;:&quot;px&quot;,&quot;size&quot;:10,&quot;sizes&quot;:[]},&quot;gap_mobile&quot;:{&quot;unit&quot;:&quot;px&quot;,&quot;size&quot;:10,&quot;sizes&quot;:[]},&quot;link_to&quot;:&quot;file&quot;,&quot;aspect_ratio&quot;:&quot;3:2&quot;,&quot;overlay_background&quot;:&quot;yes&quot;,&quot;content_hover_animation&quot;:&quot;fade-in&quot;}\" data-widget_type=\"gallery.default\">\n\t\t\t\t<div class=\"elementor-widget-container\">\n\t\t\t\t\t<div class=\"elementor-gallery__container\">\n\t\t\t\t\t\t\t<a class=\"e-gallery-item elementor-gallery-item elementor-animated-content\" href=\"https:\/\/www.mba-travel.com\/wp-content\/uploads\/2020\/08\/g4-min.jpg\" data-elementor-open-lightbox=\"yes\" data-elementor-lightbox-slideshow=\"all-8769d1c\" data-elementor-lightbox-title=\"g4-min\" data-e-action-hash=\"#elementor-action%3Aaction%3Dlightbox%26settings%3DeyJpZCI6NDIsInVybCI6Imh0dHBzOlwvXC93d3cubWJhLXRyYXZlbC5jb21cL3dwLWNvbnRlbnRcL3VwbG9hZHNcLzIwMjBcLzA4XC9nNC1taW4uanBnIiwic2xpZGVzaG93IjoiYWxsLTg3NjlkMWMifQ%3D%3D\">\n\t\t\t\t\t<div class=\"e-gallery-image elementor-gallery-item__image\" data-thumbnail=\"https:\/\/www.mba-travel.com\/wp-content\/uploads\/2020\/08\/g4-min-1024x683.jpg\" data-width=\"800\" data-height=\"534\" alt=\"\" ><\/div>\n\t\t\t\t\t\t\t\t\t\t\t<div class=\"elementor-gallery-item__overlay\"><\/div>\n\t\t\t\t\t\t\t\t\t\t\t\t\t\t<\/a>\n\t\t\t\t\t\t\t<a class=\"e-gallery-item elementor-gallery-item elementor-animated-content\" href=\"https:\/\/www.mba-travel.com\/wp-content\/uploads\/2020\/08\/g3-min.jpg\" data-elementor-open-lightbox=\"yes\" data-elementor-lightbox-slideshow=\"all-8769d1c\" data-elementor-lightbox-title=\"g3-min\" data-e-action-hash=\"#elementor-action%3Aaction%3Dlightbox%26settings%3DeyJpZCI6NDAsInVybCI6Imh0dHBzOlwvXC93d3cubWJhLXRyYXZlbC5jb21cL3dwLWNvbnRlbnRcL3VwbG9hZHNcLzIwMjBcLzA4XC9nMy1taW4uanBnIiwic2xpZGVzaG93IjoiYWxsLTg3NjlkMWMifQ%3D%3D\">\n\t\t\t\t\t<div class=\"e-gallery-image elementor-gallery-item__image\" data-thumbnail=\"https:\/\/www.mba-travel.com\/wp-content\/uploads\/2020\/08\/g3-min-1024x683.jpg\" data-width=\"800\" data-height=\"534\" alt=\"\" ><\/div>\n\t\t\t\t\t\t\t\t\t\t\t<div class=\"elementor-gallery-item__overlay\"><\/div>\n\t\t\t\t\t\t\t\t\t\t\t\t\t\t<\/a>\n\t\t\t\t\t\t\t<a class=\"e-gallery-item elementor-gallery-item elementor-animated-content\" href=\"https:\/\/www.mba-travel.com\/wp-content\/uploads\/2020\/08\/g10.jpg\" data-elementor-open-lightbox=\"yes\" data-elementor-lightbox-slideshow=\"all-8769d1c\" data-elementor-lightbox-title=\"g10\" data-e-action-hash=\"#elementor-action%3Aaction%3Dlightbox%26settings%3DeyJpZCI6NTQsInVybCI6Imh0dHBzOlwvXC93d3cubWJhLXRyYXZlbC5jb21cL3dwLWNvbnRlbnRcL3VwbG9hZHNcLzIwMjBcLzA4XC9nMTAuanBnIiwic2xpZGVzaG93IjoiYWxsLTg3NjlkMWMifQ%3D%3D\">\n\t\t\t\t\t<div class=\"e-gallery-image elementor-gallery-item__image\" data-thumbnail=\"https:\/\/www.mba-travel.com\/wp-content\/uploads\/2020\/08\/g10-1024x576.jpg\" data-width=\"800\" data-height=\"450\" alt=\"\" ><\/div>\n\t\t\t\t\t\t\t\t\t\t\t<div class=\"elementor-gallery-item__overlay\"><\/div>\n\t\t\t\t\t\t\t\t\t\t\t\t\t\t<\/a>\n\t\t\t\t\t\t\t<a class=\"e-gallery-item elementor-gallery-item elementor-animated-content\" href=\"https:\/\/www.mba-travel.com\/wp-content\/uploads\/2020\/08\/g7-min.jpg\" data-elementor-open-lightbox=\"yes\" data-elementor-lightbox-slideshow=\"all-8769d1c\" data-elementor-lightbox-title=\"g7-min\" data-e-action-hash=\"#elementor-action%3Aaction%3Dlightbox%26settings%3DeyJpZCI6NDgsInVybCI6Imh0dHBzOlwvXC93d3cubWJhLXRyYXZlbC5jb21cL3dwLWNvbnRlbnRcL3VwbG9hZHNcLzIwMjBcLzA4XC9nNy1taW4uanBnIiwic2xpZGVzaG93IjoiYWxsLTg3NjlkMWMifQ%3D%3D\">\n\t\t\t\t\t<div class=\"e-gallery-image elementor-gallery-item__image\" data-thumbnail=\"https:\/\/www.mba-travel.com\/wp-content\/uploads\/2020\/08\/g7-min-1024x683.jpg\" data-width=\"800\" data-height=\"534\" alt=\"\" ><\/div>\n\t\t\t\t\t\t\t\t\t\t\t<div class=\"elementor-gallery-item__overlay\"><\/div>\n\t\t\t\t\t\t\t\t\t\t\t\t\t\t<\/a>\n\t\t\t\t\t\t\t<a class=\"e-gallery-item elementor-gallery-item elementor-animated-content\" href=\"https:\/\/www.mba-travel.com\/wp-content\/uploads\/2020\/08\/g9.jpeg\" data-elementor-open-lightbox=\"yes\" data-elementor-lightbox-slideshow=\"all-8769d1c\" data-elementor-lightbox-title=\"g9\" data-e-action-hash=\"#elementor-action%3Aaction%3Dlightbox%26settings%3DeyJpZCI6NTIsInVybCI6Imh0dHBzOlwvXC93d3cubWJhLXRyYXZlbC5jb21cL3dwLWNvbnRlbnRcL3VwbG9hZHNcLzIwMjBcLzA4XC9nOS5qcGVnIiwic2xpZGVzaG93IjoiYWxsLTg3NjlkMWMifQ%3D%3D\">\n\t\t\t\t\t<div class=\"e-gallery-image elementor-gallery-item__image\" data-thumbnail=\"https:\/\/www.mba-travel.com\/wp-content\/uploads\/2020\/08\/g9-1024x768.jpeg\" data-width=\"800\" data-height=\"600\" alt=\"\" ><\/div>\n\t\t\t\t\t\t\t\t\t\t\t<div class=\"elementor-gallery-item__overlay\"><\/div>\n\t\t\t\t\t\t\t\t\t\t\t\t\t\t<\/a>\n\t\t\t\t\t\t\t<a class=\"e-gallery-item elementor-gallery-item elementor-animated-content\" href=\"https:\/\/www.mba-travel.com\/wp-content\/uploads\/2020\/08\/g8.jpeg\" data-elementor-open-lightbox=\"yes\" data-elementor-lightbox-slideshow=\"all-8769d1c\" data-elementor-lightbox-title=\"g8\" data-e-action-hash=\"#elementor-action%3Aaction%3Dlightbox%26settings%3DeyJpZCI6NTAsInVybCI6Imh0dHBzOlwvXC93d3cubWJhLXRyYXZlbC5jb21cL3dwLWNvbnRlbnRcL3VwbG9hZHNcLzIwMjBcLzA4XC9nOC5qcGVnIiwic2xpZGVzaG93IjoiYWxsLTg3NjlkMWMifQ%3D%3D\">\n\t\t\t\t\t<div class=\"e-gallery-image elementor-gallery-item__image\" data-thumbnail=\"https:\/\/www.mba-travel.com\/wp-content\/uploads\/2020\/08\/g8-1024x768.jpeg\" data-width=\"800\" data-height=\"600\" alt=\"\" ><\/div>\n\t\t\t\t\t\t\t\t\t\t\t<div class=\"elementor-gallery-item__overlay\"><\/div>\n\t\t\t\t\t\t\t\t\t\t\t\t\t\t<\/a>\n\t\t\t\t\t\t\t<a class=\"e-gallery-item elementor-gallery-item elementor-animated-content\" href=\"https:\/\/www.mba-travel.com\/wp-content\/uploads\/2020\/08\/g5-min.jpg\" data-elementor-open-lightbox=\"yes\" data-elementor-lightbox-slideshow=\"all-8769d1c\" data-elementor-lightbox-title=\"g5-min\" data-e-action-hash=\"#elementor-action%3Aaction%3Dlightbox%26settings%3DeyJpZCI6NDQsInVybCI6Imh0dHBzOlwvXC93d3cubWJhLXRyYXZlbC5jb21cL3dwLWNvbnRlbnRcL3VwbG9hZHNcLzIwMjBcLzA4XC9nNS1taW4uanBnIiwic2xpZGVzaG93IjoiYWxsLTg3NjlkMWMifQ%3D%3D\">\n\t\t\t\t\t<div class=\"e-gallery-image elementor-gallery-item__image\" data-thumbnail=\"https:\/\/www.mba-travel.com\/wp-content\/uploads\/2020\/08\/g5-min-1024x683.jpg\" data-width=\"800\" data-height=\"534\" alt=\"\" ><\/div>\n\t\t\t\t\t\t\t\t\t\t\t<div class=\"elementor-gallery-item__overlay\"><\/div>\n\t\t\t\t\t\t\t\t\t\t\t\t\t\t<\/a>\n\t\t\t\t\t\t\t<a class=\"e-gallery-item elementor-gallery-item elementor-animated-content\" href=\"https:\/\/www.mba-travel.com\/wp-content\/uploads\/2020\/08\/g6-min.jpg\" data-elementor-open-lightbox=\"yes\" data-elementor-lightbox-slideshow=\"all-8769d1c\" data-elementor-lightbox-title=\"g6-min\" data-e-action-hash=\"#elementor-action%3Aaction%3Dlightbox%26settings%3DeyJpZCI6NDYsInVybCI6Imh0dHBzOlwvXC93d3cubWJhLXRyYXZlbC5jb21cL3dwLWNvbnRlbnRcL3VwbG9hZHNcLzIwMjBcLzA4XC9nNi1taW4uanBnIiwic2xpZGVzaG93IjoiYWxsLTg3NjlkMWMifQ%3D%3D\">\n\t\t\t\t\t<div class=\"e-gallery-image elementor-gallery-item__image\" data-thumbnail=\"https:\/\/www.mba-travel.com\/wp-content\/uploads\/2020\/08\/g6-min-1024x683.jpg\" data-width=\"800\" data-height=\"534\" alt=\"\" ><\/div>\n\t\t\t\t\t\t\t\t\t\t\t<div class=\"elementor-gallery-item__overlay\"><\/div>\n\t\t\t\t\t\t\t\t\t\t\t\t\t\t<\/a>\n\t\t\t\t\t\t\t<a class=\"e-gallery-item elementor-gallery-item elementor-animated-content\" href=\"https:\/\/www.mba-travel.com\/wp-content\/uploads\/2020\/08\/g1.jpg\" data-elementor-open-lightbox=\"yes\" data-elementor-lightbox-slideshow=\"all-8769d1c\" data-elementor-lightbox-title=\"g1\" data-e-action-hash=\"#elementor-action%3Aaction%3Dlightbox%26settings%3DeyJpZCI6MzYsInVybCI6Imh0dHBzOlwvXC93d3cubWJhLXRyYXZlbC5jb21cL3dwLWNvbnRlbnRcL3VwbG9hZHNcLzIwMjBcLzA4XC9nMS5qcGciLCJzbGlkZXNob3ciOiJhbGwtODc2OWQxYyJ9\">\n\t\t\t\t\t<div class=\"e-gallery-image elementor-gallery-item__image\" data-thumbnail=\"https:\/\/www.mba-travel.com\/wp-content\/uploads\/2020\/08\/g1-1024x768.jpg\" data-width=\"800\" data-height=\"600\" alt=\"\" ><\/div>\n\t\t\t\t\t\t\t\t\t\t\t<div class=\"elementor-gallery-item__overlay\"><\/div>\n\t\t\t\t\t\t\t\t\t\t\t\t\t\t<\/a>\n\t\t\t\t\t<\/div>\n\t\t\t<\/div>\n\t\t\t\t<\/div>\n\t\t\t\t\t\t<\/div>\n\t\t\t\t\t<\/div>\n\t\t<\/div>\n\t\t\t\t\t\t\t\t<\/div>\n\t\t\t\t\t<\/div>\n\t\t<\/section>\n\t\t\t\t\t\t\t\t\t<\/div>\n\t\t\t<\/div>\n\t\t\t\t\t<\/div>\n\t\t","protected":false},"excerpt":{"rendered":"<p>CONFI\u00c1VEL, RESPONS\u00c1VEL, R\u00c1PIDO Transfers de golfe no Algarve com liga\u00e7\u00f5es diretas ao Aeroporto de Faro e aos principais destinos de golfe em Vilamoura, Albufeira, Alvor, Lagos e Tavira. Servi\u00e7o dispon\u00edvel em minibuses e autocarros modernos, ideais para grupos e equipados para transportar confortavelmente jogadores e sacos de golfe. Garantimos pontualidade, conforto e motoristas experientes para [&hellip;]<\/p>\n","protected":false},"author":1,"featured_media":94,"parent":0,"menu_order":0,"comment_status":"closed","ping_status":"closed","template":"","meta":{"slim_seo":{"title":"Sobre N\u00f3s - MBA Travel","description":"CONFI\u00c1VEL, RESPONS\u00c1VEL, R\u00c1PIDO Transfers de golfe no Algarve com liga\u00e7\u00f5es diretas ao Aeroporto de Faro e aos principais destinos de golfe em Vilamoura, Albufeir"}},"_links":{"self":[{"href":"https:\/\/www.mba-travel.com\/pt-pt\/wp-json\/wp\/v2\/pages\/201"}],"collection":[{"href":"https:\/\/www.mba-travel.com\/pt-pt\/wp-json\/wp\/v2\/pages"}],"about":[{"href":"https:\/\/www.mba-travel.com\/pt-pt\/wp-json\/wp\/v2\/types\/page"}],"author":[{"embeddable":true,"href":"https:\/\/www.mba-travel.com\/pt-pt\/wp-json\/wp\/v2\/users\/1"}],"replies":[{"embeddable":true,"href":"https:\/\/www.mba-travel.com\/pt-pt\/wp-json\/wp\/v2\/comments?post=201"}],"version-history":[{"count":16,"href":"https:\/\/www.mba-travel.com\/pt-pt\/wp-json\/wp\/v2\/pages\/201\/revisions"}],"predecessor-version":[{"id":929,"href":"https:\/\/www.mba-travel.com\/pt-pt\/wp-json\/wp\/v2\/pages\/201\/revisions\/929"}],"wp:featuredmedia":[{"embeddable":true,"href":"https:\/\/www.mba-travel.com\/pt-pt\/wp-json\/wp\/v2\/media\/94"}],"wp:attachment":[{"href":"https:\/\/www.mba-travel.com\/pt-pt\/wp-json\/wp\/v2\/media?parent=201"}],"curies":[{"name":"wp","href":"https:\/\/api.w.org\/{rel}","templated":true}]}}